{"id":982,"date":"2024-03-06T23:02:21","date_gmt":"2024-03-06T22:02:21","guid":{"rendered":"https:\/\/julie-mallier.fr\/?page_id=982"},"modified":"2024-04-10T14:36:08","modified_gmt":"2024-04-10T12:36:08","slug":"communication-evenmentielle","status":"publish","type":"page","link":"https:\/\/julie-mallier.fr\/?page_id=982","title":{"rendered":"Communication \u00e9venmentielle"},"content":{"rendered":"\t\t<div data-elementor-type=\"wp-page\" data-elementor-id=\"982\" class=\"elementor elementor-982\">\n\t\t\t\t<div class=\"elementor-element elementor-element-26d87d7 e-flex e-con-boxed wpr-particle-no wpr-jarallax-no wpr-parallax-no wpr-sticky-section-no e-con e-parent\" data-id=\"26d87d7\" data-element_type=\"container\" data-settings=\"{&quot;content_width&quot;:&quot;boxed&quot;}\" data-core-v316-plus=\"true\">\n\t\t\t\t\t<div class=\"e-con-inner\">\n\t\t<div class=\"elementor-element elementor-element-a757c10 e-con-full e-flex wpr-particle-no wpr-jarallax-no wpr-parallax-no wpr-sticky-section-no e-con e-child\" data-id=\"a757c10\" data-element_type=\"container\" data-settings=\"{&quot;content_width&quot;:&quot;full&quot;}\">\n\t\t\t\t<div class=\"elementor-element elementor-element-ccaf407 elementor-widget elementor-widget-spacer\" data-id=\"ccaf407\" data-element_type=\"widget\" data-widget_type=\"spacer.default\">\n\t\t\t\t<div class=\"elementor-widget-container\">\n\t\t\t<style>\/*! elementor - v3.19.0 - 29-01-2024 *\/\n.elementor-column .elementor-spacer-inner{height:var(--spacer-size)}.e-con{--container-widget-width:100%}.e-con-inner>.elementor-widget-spacer,.e-con>.elementor-widget-spacer{width:var(--container-widget-width,var(--spacer-size));--align-self:var(--container-widget-align-self,initial);--flex-shrink:0}.e-con-inner>.elementor-widget-spacer>.elementor-widget-container,.e-con>.elementor-widget-spacer>.elementor-widget-container{height:100%;width:100%}.e-con-inner>.elementor-widget-spacer>.elementor-widget-container>.elementor-spacer,.e-con>.elementor-widget-spacer>.elementor-widget-container>.elementor-spacer{height:100%}.e-con-inner>.elementor-widget-spacer>.elementor-widget-container>.elementor-spacer>.elementor-spacer-inner,.e-con>.elementor-widget-spacer>.elementor-widget-container>.elementor-spacer>.elementor-spacer-inner{height:var(--container-widget-height,var(--spacer-size))}.e-con-inner>.elementor-widget-spacer.elementor-widget-empty,.e-con>.elementor-widget-spacer.elementor-widget-empty{position:relative;min-height:22px;min-width:22px}.e-con-inner>.elementor-widget-spacer.elementor-widget-empty .elementor-widget-empty-icon,.e-con>.elementor-widget-spacer.elementor-widget-empty .elementor-widget-empty-icon{position:absolute;top:0;bottom:0;left:0;right:0;margin:auto;padding:0;width:22px;height:22px}<\/style>\t\t<div class=\"elementor-spacer\">\n\t\t\t<div class=\"elementor-spacer-inner\"><\/div>\n\t\t<\/div>\n\t\t\t\t<\/div>\n\t\t\t\t<\/div>\n\t\t\t\t<div class=\"elementor-element elementor-element-38d2e6c elementor-widget elementor-widget-text-editor\" data-id=\"38d2e6c\" data-element_type=\"widget\" data-widget_type=\"text-editor.default\">\n\t\t\t\t<div class=\"elementor-widget-container\">\n\t\t\t<style>\/*! elementor - v3.19.0 - 29-01-2024 *\/\n.elementor-widget-text-editor.elementor-drop-cap-view-stacked .elementor-drop-cap{background-color:#69727d;color:#fff}.elementor-widget-text-editor.elementor-drop-cap-view-framed .elementor-drop-cap{color:#69727d;border:3px solid;background-color:transparent}.elementor-widget-text-editor:not(.elementor-drop-cap-view-default) .elementor-drop-cap{margin-top:8px}.elementor-widget-text-editor:not(.elementor-drop-cap-view-default) .elementor-drop-cap-letter{width:1em;height:1em}.elementor-widget-text-editor .elementor-drop-cap{float:left;text-align:center;line-height:1;font-size:50px}.elementor-widget-text-editor .elementor-drop-cap-letter{display:inline-block}<\/style>\t\t\t\t<p>Lors de ce module, nous avons eu l&#8217;opportunit\u00e9 de cr\u00e9er un \u00e9v\u00e8nement fictif en groupe en prenant en compte tous les crit\u00e8res de faisabilit\u00e9 et techniques.&nbsp;<\/p><p>Notre \u00e9v\u00e8nement : une comp\u00e9tition de danse.<\/p>\t\t\t\t\t\t<\/div>\n\t\t\t\t<\/div>\n\t\t\t\t<div class=\"elementor-element elementor-element-2052f63 elementor-invisible elementor-widget elementor-widget-heading\" data-id=\"2052f63\" data-element_type=\"widget\" data-settings=\"{&quot;_animation&quot;:&quot;fadeInLeft&quot;}\" data-widget_type=\"heading.default\">\n\t\t\t\t<div class=\"elementor-widget-container\">\n\t\t\t<style>\/*! elementor - v3.19.0 - 29-01-2024 *\/\n.elementor-heading-title{padding:0;margin:0;line-height:1}.elementor-widget-heading .elementor-heading-title[class*=elementor-size-]>a{color:inherit;font-size:inherit;line-height:inherit}.elementor-widget-heading .elementor-heading-title.elementor-size-small{font-size:15px}.elementor-widget-heading .elementor-heading-title.elementor-size-medium{font-size:19px}.elementor-widget-heading .elementor-heading-title.elementor-size-large{font-size:29px}.elementor-widget-heading .elementor-heading-title.elementor-size-xl{font-size:39px}.elementor-widget-heading .elementor-heading-title.elementor-size-xxl{font-size:59px}<\/style><h2 class=\"elementor-heading-title elementor-size-default\">L'\u00e9v\u00e8nement en d\u00e9tails \u2192<\/h2>\t\t<\/div>\n\t\t\t\t<\/div>\n\t\t\t\t<\/div>\n\t\t<div class=\"elementor-element elementor-element-f31dcf1 e-con-full e-flex wpr-particle-no wpr-jarallax-no wpr-parallax-no wpr-sticky-section-no e-con e-child\" data-id=\"f31dcf1\" data-element_type=\"container\" data-settings=\"{&quot;content_width&quot;:&quot;full&quot;}\">\n\t\t\t\t<div class=\"elementor-element elementor-element-2f29e03 elementor-widget elementor-widget-image\" data-id=\"2f29e03\" data-element_type=\"widget\" data-widget_type=\"image.default\">\n\t\t\t\t<div class=\"elementor-widget-container\">\n\t\t\t<style>\/*! elementor - v3.19.0 - 29-01-2024 *\/\n.elementor-widget-image{text-align:center}.elementor-widget-image a{display:inline-block}.elementor-widget-image a img[src$=\".svg\"]{width:48px}.elementor-widget-image img{vertical-align:middle;display:inline-block}<\/style>\t\t\t\t\t\t\t\t\t\t\t<a href=\"https:\/\/drive.google.com\/file\/d\/1JWXicHr7r6_R5jH7YBq1N9F0Z3SxT2fi\/view?usp=sharing\" target=\"_blank\">\n\t\t\t\t\t\t\t<img fetchpriority=\"high\" decoding=\"async\" width=\"640\" height=\"905\" src=\"https:\/\/julie-mallier.fr\/wp-content\/uploads\/2024\/03\/DOSSIER-com-even-724x1024.png\" class=\"elementor-animation-shrink attachment-large size-large wp-image-1311\" alt=\"\" srcset=\"https:\/\/julie-mallier.fr\/wp-content\/uploads\/2024\/03\/DOSSIER-com-even-724x1024.png 724w, https:\/\/julie-mallier.fr\/wp-content\/uploads\/2024\/03\/DOSSIER-com-even-212x300.png 212w, https:\/\/julie-mallier.fr\/wp-content\/uploads\/2024\/03\/DOSSIER-com-even-768x1086.png 768w, https:\/\/julie-mallier.fr\/wp-content\/uploads\/2024\/03\/DOSSIER-com-even-1086x1536.png 1086w, https:\/\/julie-mallier.fr\/wp-content\/uploads\/2024\/03\/DOSSIER-com-even-191x270.png 191w, https:\/\/julie-mallier.fr\/wp-content\/uploads\/2024\/03\/DOSSIER-com-even.png 1414w\" sizes=\"(max-width: 640px) 100vw, 640px\" \/>\t\t\t\t\t\t\t\t<\/a>\n\t\t\t\t\t\t\t\t\t\t\t\t\t<\/div>\n\t\t\t\t<\/div>\n\t\t\t\t<\/div>\n\t\t\t\t\t<\/div>\n\t\t\t\t<\/div>\n\t\t<div class=\"elementor-element elementor-element-320a357 e-flex e-con-boxed wpr-particle-no wpr-jarallax-no wpr-parallax-no wpr-sticky-section-no e-con e-parent\" data-id=\"320a357\" data-element_type=\"container\" data-settings=\"{&quot;content_width&quot;:&quot;boxed&quot;}\" data-core-v316-plus=\"true\">\n\t\t\t\t\t<div class=\"e-con-inner\">\n\t\t\t\t<div class=\"elementor-element elementor-element-45b7dcb elementor-widget-divider--view-line elementor-widget elementor-widget-divider\" data-id=\"45b7dcb\" data-element_type=\"widget\" data-widget_type=\"divider.default\">\n\t\t\t\t<div class=\"elementor-widget-container\">\n\t\t\t<style>\/*! elementor - v3.19.0 - 29-01-2024 *\/\n.elementor-widget-divider{--divider-border-style:none;--divider-border-width:1px;--divider-color:#0c0d0e;--divider-icon-size:20px;--divider-element-spacing:10px;--divider-pattern-height:24px;--divider-pattern-size:20px;--divider-pattern-url:none;--divider-pattern-repeat:repeat-x}.elementor-widget-divider .elementor-divider{display:flex}.elementor-widget-divider .elementor-divider__text{font-size:15px;line-height:1;max-width:95%}.elementor-widget-divider .elementor-divider__element{margin:0 var(--divider-element-spacing);flex-shrink:0}.elementor-widget-divider .elementor-icon{font-size:var(--divider-icon-size)}.elementor-widget-divider .elementor-divider-separator{display:flex;margin:0;direction:ltr}.elementor-widget-divider--view-line_icon .elementor-divider-separator,.elementor-widget-divider--view-line_text .elementor-divider-separator{align-items:center}.elementor-widget-divider--view-line_icon .elementor-divider-separator:after,.elementor-widget-divider--view-line_icon .elementor-divider-separator:before,.elementor-widget-divider--view-line_text .elementor-divider-separator:after,.elementor-widget-divider--view-line_text .elementor-divider-separator:before{display:block;content:\"\";border-block-end:0;flex-grow:1;border-block-start:var(--divider-border-width) var(--divider-border-style) var(--divider-color)}.elementor-widget-divider--element-align-left .elementor-divider .elementor-divider-separator>.elementor-divider__svg:first-of-type{flex-grow:0;flex-shrink:100}.elementor-widget-divider--element-align-left .elementor-divider-separator:before{content:none}.elementor-widget-divider--element-align-left .elementor-divider__element{margin-left:0}.elementor-widget-divider--element-align-right .elementor-divider .elementor-divider-separator>.elementor-divider__svg:last-of-type{flex-grow:0;flex-shrink:100}.elementor-widget-divider--element-align-right .elementor-divider-separator:after{content:none}.elementor-widget-divider--element-align-right .elementor-divider__element{margin-right:0}.elementor-widget-divider--element-align-start .elementor-divider .elementor-divider-separator>.elementor-divider__svg:first-of-type{flex-grow:0;flex-shrink:100}.elementor-widget-divider--element-align-start .elementor-divider-separator:before{content:none}.elementor-widget-divider--element-align-start .elementor-divider__element{margin-inline-start:0}.elementor-widget-divider--element-align-end .elementor-divider .elementor-divider-separator>.elementor-divider__svg:last-of-type{flex-grow:0;flex-shrink:100}.elementor-widget-divider--element-align-end .elementor-divider-separator:after{content:none}.elementor-widget-divider--element-align-end .elementor-divider__element{margin-inline-end:0}.elementor-widget-divider:not(.elementor-widget-divider--view-line_text):not(.elementor-widget-divider--view-line_icon) .elementor-divider-separator{border-block-start:var(--divider-border-width) var(--divider-border-style) var(--divider-color)}.elementor-widget-divider--separator-type-pattern{--divider-border-style:none}.elementor-widget-divider--separator-type-pattern.elementor-widget-divider--view-line .elementor-divider-separator,.elementor-widget-divider--separator-type-pattern:not(.elementor-widget-divider--view-line) .elementor-divider-separator:after,.elementor-widget-divider--separator-type-pattern:not(.elementor-widget-divider--view-line) .elementor-divider-separator:before,.elementor-widget-divider--separator-type-pattern:not([class*=elementor-widget-divider--view]) .elementor-divider-separator{width:100%;min-height:var(--divider-pattern-height);-webkit-mask-size:var(--divider-pattern-size) 100%;mask-size:var(--divider-pattern-size) 100%;-webkit-mask-repeat:var(--divider-pattern-repeat);mask-repeat:var(--divider-pattern-repeat);background-color:var(--divider-color);-webkit-mask-image:var(--divider-pattern-url);mask-image:var(--divider-pattern-url)}.elementor-widget-divider--no-spacing{--divider-pattern-size:auto}.elementor-widget-divider--bg-round{--divider-pattern-repeat:round}.rtl .elementor-widget-divider .elementor-divider__text{direction:rtl}.e-con-inner>.elementor-widget-divider,.e-con>.elementor-widget-divider{width:var(--container-widget-width,100%);--flex-grow:var(--container-widget-flex-grow)}<\/style>\t\t<div class=\"elementor-divider\">\n\t\t\t<span class=\"elementor-divider-separator\">\n\t\t\t\t\t\t<\/span>\n\t\t<\/div>\n\t\t\t\t<\/div>\n\t\t\t\t<\/div>\n\t\t\t\t<div class=\"elementor-element elementor-element-8172341 elementor-widget elementor-widget-toggle\" data-id=\"8172341\" data-element_type=\"widget\" data-widget_type=\"toggle.default\">\n\t\t\t\t<div class=\"elementor-widget-container\">\n\t\t\t<style>\/*! elementor - v3.19.0 - 29-01-2024 *\/\n.elementor-toggle{text-align:left}.elementor-toggle .elementor-tab-title{font-weight:700;line-height:1;margin:0;padding:15px;border-bottom:1px solid #d5d8dc;cursor:pointer;outline:none}.elementor-toggle .elementor-tab-title .elementor-toggle-icon{display:inline-block;width:1em}.elementor-toggle .elementor-tab-title .elementor-toggle-icon svg{margin-inline-start:-5px;width:1em;height:1em}.elementor-toggle .elementor-tab-title .elementor-toggle-icon.elementor-toggle-icon-right{float:right;text-align:right}.elementor-toggle .elementor-tab-title .elementor-toggle-icon.elementor-toggle-icon-left{float:left;text-align:left}.elementor-toggle .elementor-tab-title .elementor-toggle-icon .elementor-toggle-icon-closed{display:block}.elementor-toggle .elementor-tab-title .elementor-toggle-icon .elementor-toggle-icon-opened{display:none}.elementor-toggle .elementor-tab-title.elementor-active{border-bottom:none}.elementor-toggle .elementor-tab-title.elementor-active .elementor-toggle-icon-closed{display:none}.elementor-toggle .elementor-tab-title.elementor-active .elementor-toggle-icon-opened{display:block}.elementor-toggle .elementor-tab-content{padding:15px;border-bottom:1px solid #d5d8dc;display:none}@media (max-width:767px){.elementor-toggle .elementor-tab-title{padding:12px}.elementor-toggle .elementor-tab-content{padding:12px 10px}}.e-con-inner>.elementor-widget-toggle,.e-con>.elementor-widget-toggle{width:var(--container-widget-width);--flex-grow:var(--container-widget-flex-grow)}<\/style>\t\t<div class=\"elementor-toggle\">\n\t\t\t\t\t\t\t<div class=\"elementor-toggle-item\">\n\t\t\t\t\t<div id=\"elementor-tab-title-1351\" class=\"elementor-tab-title\" data-tab=\"1\" role=\"button\" aria-controls=\"elementor-tab-content-1351\" aria-expanded=\"false\">\n\t\t\t\t\t\t\t\t\t\t\t\t<span class=\"elementor-toggle-icon elementor-toggle-icon-left\" aria-hidden=\"true\">\n\t\t\t\t\t\t\t\t\t\t\t\t\t\t\t<span class=\"elementor-toggle-icon-closed\"><svg class=\"e-font-icon-svg e-fas-caret-right\" viewBox=\"0 0 192 512\" xmlns=\"http:\/\/www.w3.org\/2000\/svg\"><path d=\"M0 384.662V127.338c0-17.818 21.543-26.741 34.142-14.142l128.662 128.662c7.81 7.81 7.81 20.474 0 28.284L34.142 398.804C21.543 411.404 0 402.48 0 384.662z\"><\/path><\/svg><\/span>\n\t\t\t\t\t\t\t\t<span class=\"elementor-toggle-icon-opened\"><svg class=\"elementor-toggle-icon-opened e-font-icon-svg e-fas-caret-up\" viewBox=\"0 0 320 512\" xmlns=\"http:\/\/www.w3.org\/2000\/svg\"><path d=\"M288.662 352H31.338c-17.818 0-26.741-21.543-14.142-34.142l128.662-128.662c7.81-7.81 20.474-7.81 28.284 0l128.662 128.662c12.6 12.599 3.676 34.142-14.142 34.142z\"><\/path><\/svg><\/span>\n\t\t\t\t\t\t\t\t\t\t\t\t\t<\/span>\n\t\t\t\t\t\t\t\t\t\t\t\t<a class=\"elementor-toggle-title\" tabindex=\"0\">Comp\u00e9tences<\/a>\n\t\t\t\t\t<\/div>\n\n\t\t\t\t\t<div id=\"elementor-tab-content-1351\" class=\"elementor-tab-content elementor-clearfix\" data-tab=\"1\" role=\"region\" aria-labelledby=\"elementor-tab-title-1351\"><p>&#8211; cr\u00e9ativit\u00e9, inventivit\u00e9&nbsp;<\/p>\n<p>&#8211; capacit\u00e9s r\u00e9dactionnelles et orales<\/p>\n<p>&#8211; organisation&nbsp;<\/p><p>&#8211; travail d&#8217;\u00e9quipe&nbsp;<\/p><\/div>\n\t\t\t\t<\/div>\n\t\t\t\t\t\t\t\t<\/div>\n\t\t\t\t<\/div>\n\t\t\t\t<\/div>\n\t\t\t\t\t<\/div>\n\t\t\t\t<\/div>\n\t\t<div class=\"elementor-element elementor-element-650598c e-flex e-con-boxed wpr-particle-no wpr-jarallax-no wpr-parallax-no wpr-sticky-section-no e-con e-parent\" data-id=\"650598c\" data-element_type=\"container\" data-settings=\"{&quot;content_width&quot;:&quot;boxed&quot;}\" data-core-v316-plus=\"true\">\n\t\t\t\t\t<div class=\"e-con-inner\">\n\t\t\t\t<div class=\"elementor-element elementor-element-c2488a0 elementor-align-right elementor-widget elementor-widget-button\" data-id=\"c2488a0\" data-element_type=\"widget\" data-widget_type=\"button.default\">\n\t\t\t\t<div class=\"elementor-widget-container\">\n\t\t\t\t\t<div class=\"elementor-button-wrapper\">\n\t\t\t<a class=\"elementor-button elementor-button-link elementor-size-sm elementor-animation-shrink\" href=\"https:\/\/julie-mallier.fr\/?p=274\">\n\t\t\t\t\t\t<span class=\"elementor-button-content-wrapper\">\n\t\t\t\t\t\t<span class=\"elementor-button-text\">Retour<\/span>\n\t\t<\/span>\n\t\t\t\t\t<\/a>\n\t\t<\/div>\n\t\t\t\t<\/div>\n\t\t\t\t<\/div>\n\t\t\t\t\t<\/div>\n\t\t\t\t<\/div>\n\t\t\t\t<\/div>\n\t\t","protected":false},"excerpt":{"rendered":"<p>Lors de ce module, nous avons eu l&#8217;opportunit\u00e9 de cr\u00e9er un \u00e9v\u00e8nement fictif en groupe en prenant en compte tous les crit\u00e8res de faisabilit\u00e9 et techniques.&nbsp; Notre \u00e9v\u00e8nement : une comp\u00e9tition de danse. L&#8217;\u00e9v\u00e8nement en d\u00e9tails \u2192 Comp\u00e9tences &#8211; cr\u00e9ativit\u00e9, inventivit\u00e9&nbsp; &#8211; capacit\u00e9s r\u00e9dactionnelles et orales &#8211; organisation&nbsp; &#8211; travail d&#8217;\u00e9quipe&nbsp; Retour<\/p>\n","protected":false},"author":1,"featured_media":0,"parent":0,"menu_order":0,"comment_status":"closed","ping_status":"closed","template":"","meta":{"footnotes":""},"class_list":["post-982","page","type-page","status-publish","hentry"],"yoast_head":"<!-- This site is optimized with the Yoast SEO plugin v22.2 - https:\/\/yoast.com\/wordpress\/plugins\/seo\/ -->\n<title>Mon travail en communication \u00e9v\u00e8nementielle | Portfolio<\/title>\n<meta name=\"description\" content=\"Cr\u00e9ation d&#039;un \u00e9v\u00e8nement : une comp\u00e9tition de danse sportive fictive. Prise en charge de tous les \u00e9l\u00e9ments comme la technique, l&#039;animation, ...\" \/>\n<meta name=\"robots\" content=\"index, follow, max-snippet:-1, max-image-preview:large, max-video-preview:-1\" \/>\n<link rel=\"canonical\" href=\"https:\/\/julie-mallier.fr\/?page_id=982\" \/>\n<meta property=\"og:locale\" content=\"en_US\" \/>\n<meta property=\"og:type\" content=\"article\" \/>\n<meta property=\"og:title\" content=\"Mon travail en communication \u00e9v\u00e8nementielle | Portfolio\" \/>\n<meta property=\"og:description\" content=\"Cr\u00e9ation d&#039;un \u00e9v\u00e8nement : une comp\u00e9tition de danse sportive fictive. Prise en charge de tous les \u00e9l\u00e9ments comme la technique, l&#039;animation, ...\" \/>\n<meta property=\"og:url\" content=\"https:\/\/julie-mallier.fr\/?page_id=982\" \/>\n<meta property=\"og:site_name\" content=\"Portfolio\" \/>\n<meta property=\"article:modified_time\" content=\"2024-04-10T12:36:08+00:00\" \/>\n<meta property=\"og:image\" content=\"http:\/\/julie-mallier.fr\/wp-content\/uploads\/2024\/03\/DOSSIER-com-even-724x1024.png\" \/>\n<meta name=\"twitter:card\" content=\"summary_large_image\" \/>\n<meta name=\"twitter:label1\" content=\"Est. reading time\" \/>\n\t<meta name=\"twitter:data1\" content=\"1 minute\" \/>\n<script type=\"application\/ld+json\" class=\"yoast-schema-graph\">{\"@context\":\"https:\/\/schema.org\",\"@graph\":[{\"@type\":\"WebPage\",\"@id\":\"https:\/\/julie-mallier.fr\/?page_id=982\",\"url\":\"https:\/\/julie-mallier.fr\/?page_id=982\",\"name\":\"Mon travail en communication \u00e9v\u00e8nementielle | Portfolio\",\"isPartOf\":{\"@id\":\"https:\/\/julie-mallier.fr\/#website\"},\"primaryImageOfPage\":{\"@id\":\"https:\/\/julie-mallier.fr\/?page_id=982#primaryimage\"},\"image\":{\"@id\":\"https:\/\/julie-mallier.fr\/?page_id=982#primaryimage\"},\"thumbnailUrl\":\"http:\/\/julie-mallier.fr\/wp-content\/uploads\/2024\/03\/DOSSIER-com-even-724x1024.png\",\"datePublished\":\"2024-03-06T22:02:21+00:00\",\"dateModified\":\"2024-04-10T12:36:08+00:00\",\"description\":\"Cr\u00e9ation d'un \u00e9v\u00e8nement : une comp\u00e9tition de danse sportive fictive. Prise en charge de tous les \u00e9l\u00e9ments comme la technique, l'animation, ...\",\"breadcrumb\":{\"@id\":\"https:\/\/julie-mallier.fr\/?page_id=982#breadcrumb\"},\"inLanguage\":\"en-US\",\"potentialAction\":[{\"@type\":\"ReadAction\",\"target\":[\"https:\/\/julie-mallier.fr\/?page_id=982\"]}]},{\"@type\":\"ImageObject\",\"inLanguage\":\"en-US\",\"@id\":\"https:\/\/julie-mallier.fr\/?page_id=982#primaryimage\",\"url\":\"http:\/\/julie-mallier.fr\/wp-content\/uploads\/2024\/03\/DOSSIER-com-even-724x1024.png\",\"contentUrl\":\"http:\/\/julie-mallier.fr\/wp-content\/uploads\/2024\/03\/DOSSIER-com-even-724x1024.png\"},{\"@type\":\"BreadcrumbList\",\"@id\":\"https:\/\/julie-mallier.fr\/?page_id=982#breadcrumb\",\"itemListElement\":[{\"@type\":\"ListItem\",\"position\":1,\"name\":\"Accueil\",\"item\":\"https:\/\/julie-mallier.fr\/\"},{\"@type\":\"ListItem\",\"position\":2,\"name\":\"Communication \u00e9venmentielle\"}]},{\"@type\":\"WebSite\",\"@id\":\"https:\/\/julie-mallier.fr\/#website\",\"url\":\"https:\/\/julie-mallier.fr\/\",\"name\":\"Portfolio\",\"description\":\"Julie Mallier\",\"potentialAction\":[{\"@type\":\"SearchAction\",\"target\":{\"@type\":\"EntryPoint\",\"urlTemplate\":\"https:\/\/julie-mallier.fr\/?s={search_term_string}\"},\"query-input\":\"required name=search_term_string\"}],\"inLanguage\":\"en-US\"}]}<\/script>\n<!-- \/ Yoast SEO plugin. -->","yoast_head_json":{"title":"Mon travail en communication \u00e9v\u00e8nementielle | Portfolio","description":"Cr\u00e9ation d'un \u00e9v\u00e8nement : une comp\u00e9tition de danse sportive fictive. Prise en charge de tous les \u00e9l\u00e9ments comme la technique, l'animation, ...","robots":{"index":"index","follow":"follow","max-snippet":"max-snippet:-1","max-image-preview":"max-image-preview:large","max-video-preview":"max-video-preview:-1"},"canonical":"https:\/\/julie-mallier.fr\/?page_id=982","og_locale":"en_US","og_type":"article","og_title":"Mon travail en communication \u00e9v\u00e8nementielle | Portfolio","og_description":"Cr\u00e9ation d'un \u00e9v\u00e8nement : une comp\u00e9tition de danse sportive fictive. Prise en charge de tous les \u00e9l\u00e9ments comme la technique, l'animation, ...","og_url":"https:\/\/julie-mallier.fr\/?page_id=982","og_site_name":"Portfolio","article_modified_time":"2024-04-10T12:36:08+00:00","og_image":[{"url":"http:\/\/julie-mallier.fr\/wp-content\/uploads\/2024\/03\/DOSSIER-com-even-724x1024.png"}],"twitter_card":"summary_large_image","twitter_misc":{"Est. reading time":"1 minute"},"schema":{"@context":"https:\/\/schema.org","@graph":[{"@type":"WebPage","@id":"https:\/\/julie-mallier.fr\/?page_id=982","url":"https:\/\/julie-mallier.fr\/?page_id=982","name":"Mon travail en communication \u00e9v\u00e8nementielle | Portfolio","isPartOf":{"@id":"https:\/\/julie-mallier.fr\/#website"},"primaryImageOfPage":{"@id":"https:\/\/julie-mallier.fr\/?page_id=982#primaryimage"},"image":{"@id":"https:\/\/julie-mallier.fr\/?page_id=982#primaryimage"},"thumbnailUrl":"http:\/\/julie-mallier.fr\/wp-content\/uploads\/2024\/03\/DOSSIER-com-even-724x1024.png","datePublished":"2024-03-06T22:02:21+00:00","dateModified":"2024-04-10T12:36:08+00:00","description":"Cr\u00e9ation d'un \u00e9v\u00e8nement : une comp\u00e9tition de danse sportive fictive. Prise en charge de tous les \u00e9l\u00e9ments comme la technique, l'animation, ...","breadcrumb":{"@id":"https:\/\/julie-mallier.fr\/?page_id=982#breadcrumb"},"inLanguage":"en-US","potentialAction":[{"@type":"ReadAction","target":["https:\/\/julie-mallier.fr\/?page_id=982"]}]},{"@type":"ImageObject","inLanguage":"en-US","@id":"https:\/\/julie-mallier.fr\/?page_id=982#primaryimage","url":"http:\/\/julie-mallier.fr\/wp-content\/uploads\/2024\/03\/DOSSIER-com-even-724x1024.png","contentUrl":"http:\/\/julie-mallier.fr\/wp-content\/uploads\/2024\/03\/DOSSIER-com-even-724x1024.png"},{"@type":"BreadcrumbList","@id":"https:\/\/julie-mallier.fr\/?page_id=982#breadcrumb","itemListElement":[{"@type":"ListItem","position":1,"name":"Accueil","item":"https:\/\/julie-mallier.fr\/"},{"@type":"ListItem","position":2,"name":"Communication \u00e9venmentielle"}]},{"@type":"WebSite","@id":"https:\/\/julie-mallier.fr\/#website","url":"https:\/\/julie-mallier.fr\/","name":"Portfolio","description":"Julie Mallier","potentialAction":[{"@type":"SearchAction","target":{"@type":"EntryPoint","urlTemplate":"https:\/\/julie-mallier.fr\/?s={search_term_string}"},"query-input":"required name=search_term_string"}],"inLanguage":"en-US"}]}},"_links":{"self":[{"href":"https:\/\/julie-mallier.fr\/index.php?rest_route=\/wp\/v2\/pages\/982","targetHints":{"allow":["GET"]}}],"collection":[{"href":"https:\/\/julie-mallier.fr\/index.php?rest_route=\/wp\/v2\/pages"}],"about":[{"href":"https:\/\/julie-mallier.fr\/index.php?rest_route=\/wp\/v2\/types\/page"}],"author":[{"embeddable":true,"href":"https:\/\/julie-mallier.fr\/index.php?rest_route=\/wp\/v2\/users\/1"}],"replies":[{"embeddable":true,"href":"https:\/\/julie-mallier.fr\/index.php?rest_route=%2Fwp%2Fv2%2Fcomments&post=982"}],"version-history":[{"count":19,"href":"https:\/\/julie-mallier.fr\/index.php?rest_route=\/wp\/v2\/pages\/982\/revisions"}],"predecessor-version":[{"id":1860,"href":"https:\/\/julie-mallier.fr\/index.php?rest_route=\/wp\/v2\/pages\/982\/revisions\/1860"}],"wp:attachment":[{"href":"https:\/\/julie-mallier.fr\/index.php?rest_route=%2Fwp%2Fv2%2Fmedia&parent=982"}],"curies":[{"name":"wp","href":"https:\/\/api.w.org\/{rel}","templated":true}]}}