{"id":230,"date":"2024-02-14T09:55:05","date_gmt":"2024-02-14T08:55:05","guid":{"rendered":"https:\/\/julie-mallier.fr\/?page_id=230"},"modified":"2025-03-06T14:22:02","modified_gmt":"2025-03-06T13:22:02","slug":"realisations","status":"publish","type":"page","link":"https:\/\/julie-mallier.fr\/?page_id=230","title":{"rendered":"R\u00e9alisations"},"content":{"rendered":"\t\t<div data-elementor-type=\"wp-page\" data-elementor-id=\"230\" class=\"elementor elementor-230\">\n\t\t\t\t<div class=\"elementor-element elementor-element-1ec1b59 e-flex e-con-boxed wpr-particle-no wpr-jarallax-no wpr-parallax-no wpr-sticky-section-no e-con e-parent\" data-id=\"1ec1b59\" data-element_type=\"container\" data-settings=\"{&quot;content_width&quot;:&quot;boxed&quot;}\" data-core-v316-plus=\"true\">\n\t\t\t\t\t<div class=\"e-con-inner\">\n\t\t<div class=\"elementor-element elementor-element-77d90f0 e-con-full e-flex wpr-particle-no wpr-jarallax-no wpr-parallax-no wpr-sticky-section-no e-con e-child\" data-id=\"77d90f0\" data-element_type=\"container\" data-settings=\"{&quot;content_width&quot;:&quot;full&quot;}\">\n\t\t\t\t<div class=\"elementor-element elementor-element-99f07fc elementor-widget elementor-widget-image\" data-id=\"99f07fc\" data-element_type=\"widget\" data-widget_type=\"image.default\">\n\t\t\t\t<div class=\"elementor-widget-container\">\n\t\t\t<style>\/*! elementor - v3.19.0 - 29-01-2024 *\/\n.elementor-widget-image{text-align:center}.elementor-widget-image a{display:inline-block}.elementor-widget-image a img[src$=\".svg\"]{width:48px}.elementor-widget-image img{vertical-align:middle;display:inline-block}<\/style>\t\t\t\t\t\t\t\t\t\t<img fetchpriority=\"high\" decoding=\"async\" width=\"640\" height=\"640\" src=\"https:\/\/julie-mallier.fr\/wp-content\/uploads\/2024\/03\/7-1-1024x1024.png\" class=\"attachment-large size-large wp-image-1459\" alt=\"mes r\u00e9alisations\" srcset=\"https:\/\/julie-mallier.fr\/wp-content\/uploads\/2024\/03\/7-1-1024x1024.png 1024w, https:\/\/julie-mallier.fr\/wp-content\/uploads\/2024\/03\/7-1-300x300.png 300w, https:\/\/julie-mallier.fr\/wp-content\/uploads\/2024\/03\/7-1-150x150.png 150w, https:\/\/julie-mallier.fr\/wp-content\/uploads\/2024\/03\/7-1-768x768.png 768w, https:\/\/julie-mallier.fr\/wp-content\/uploads\/2024\/03\/7-1-270x270.png 270w, https:\/\/julie-mallier.fr\/wp-content\/uploads\/2024\/03\/7-1.png 1080w\" sizes=\"(max-width: 640px) 100vw, 640px\" \/>\t\t\t\t\t\t\t\t\t\t\t\t\t<\/div>\n\t\t\t\t<\/div>\n\t\t\t\t<\/div>\n\t\t<div class=\"elementor-element elementor-element-08d9dbd e-con-full e-flex wpr-particle-no wpr-jarallax-no wpr-parallax-no wpr-sticky-section-no e-con e-child\" data-id=\"08d9dbd\" data-element_type=\"container\" data-settings=\"{&quot;content_width&quot;:&quot;full&quot;}\">\n\t\t\t\t<div class=\"elementor-element elementor-element-b706894 elementor-widget elementor-widget-image\" data-id=\"b706894\" data-element_type=\"widget\" data-widget_type=\"image.default\">\n\t\t\t\t<div class=\"elementor-widget-container\">\n\t\t\t\t\t\t\t\t\t\t\t\t\t<img decoding=\"async\" width=\"640\" height=\"640\" src=\"https:\/\/julie-mallier.fr\/wp-content\/uploads\/2024\/03\/8-1-1024x1024.png\" class=\"attachment-large size-large wp-image-1460\" alt=\"mes projets\" srcset=\"https:\/\/julie-mallier.fr\/wp-content\/uploads\/2024\/03\/8-1-1024x1024.png 1024w, https:\/\/julie-mallier.fr\/wp-content\/uploads\/2024\/03\/8-1-300x300.png 300w, https:\/\/julie-mallier.fr\/wp-content\/uploads\/2024\/03\/8-1-150x150.png 150w, https:\/\/julie-mallier.fr\/wp-content\/uploads\/2024\/03\/8-1-768x768.png 768w, https:\/\/julie-mallier.fr\/wp-content\/uploads\/2024\/03\/8-1-270x270.png 270w, https:\/\/julie-mallier.fr\/wp-content\/uploads\/2024\/03\/8-1.png 1080w\" sizes=\"(max-width: 640px) 100vw, 640px\" \/>\t\t\t\t\t\t\t\t\t\t\t\t\t<\/div>\n\t\t\t\t<\/div>\n\t\t\t\t<\/div>\n\t\t\t\t\t<\/div>\n\t\t\t\t<\/div>\n\t\t<div class=\"elementor-element elementor-element-1376225 e-flex e-con-boxed wpr-particle-no wpr-jarallax-no wpr-parallax-no wpr-sticky-section-no e-con e-parent\" data-id=\"1376225\" data-element_type=\"container\" data-settings=\"{&quot;content_width&quot;:&quot;boxed&quot;}\" data-core-v316-plus=\"true\">\n\t\t\t\t\t<div class=\"e-con-inner\">\n\t\t\t\t<div class=\"elementor-element elementor-element-c6fc384 elementor-widget elementor-widget-text-editor\" data-id=\"c6fc384\" data-element_type=\"widget\" data-widget_type=\"text-editor.default\">\n\t\t\t\t<div class=\"elementor-widget-container\">\n\t\t\t<style>\/*! elementor - v3.19.0 - 29-01-2024 *\/\n.elementor-widget-text-editor.elementor-drop-cap-view-stacked .elementor-drop-cap{background-color:#69727d;color:#fff}.elementor-widget-text-editor.elementor-drop-cap-view-framed .elementor-drop-cap{color:#69727d;border:3px solid;background-color:transparent}.elementor-widget-text-editor:not(.elementor-drop-cap-view-default) .elementor-drop-cap{margin-top:8px}.elementor-widget-text-editor:not(.elementor-drop-cap-view-default) .elementor-drop-cap-letter{width:1em;height:1em}.elementor-widget-text-editor .elementor-drop-cap{float:left;text-align:center;line-height:1;font-size:50px}.elementor-widget-text-editor .elementor-drop-cap-letter{display:inline-block}<\/style>\t\t\t\t<p>Depuis 2022, je suis en formation dans le d\u00e9partement information et communication de l&#8217;IUT Besan\u00e7on-Vesoul.&nbsp;<\/p><p>En option communication des organisations, j&#8217;acqui\u00e8re de nouvelles comp\u00e9tences et connaissances afin d&#8217;int\u00e9grer le domaine de la communication.<\/p>\n<p>D\u00e9couvrez mes r\u00e9alisations et projets au sein de l&#8217;IUT et \u00e0 travers mes diverses exp\u00e9riences professionnelles.&nbsp;<\/p>\t\t\t\t\t\t<\/div>\n\t\t\t\t<\/div>\n\t\t\t\t\t<\/div>\n\t\t\t\t<\/div>\n\t\t<div class=\"elementor-element elementor-element-48675e3 e-flex e-con-boxed wpr-particle-no wpr-jarallax-no wpr-parallax-no wpr-sticky-section-no e-con e-parent\" data-id=\"48675e3\" data-element_type=\"container\" data-settings=\"{&quot;content_width&quot;:&quot;boxed&quot;}\" data-core-v316-plus=\"true\">\n\t\t\t\t\t<div class=\"e-con-inner\">\n\t\t<div class=\"elementor-element elementor-element-fb5be93 e-con-full e-flex wpr-particle-no wpr-jarallax-no wpr-parallax-no wpr-sticky-section-no e-con e-child\" data-id=\"fb5be93\" data-element_type=\"container\" data-settings=\"{&quot;content_width&quot;:&quot;full&quot;}\">\n\t\t\t\t<div class=\"elementor-element elementor-element-0c0dd56 elementor-widget elementor-widget-image\" data-id=\"0c0dd56\" data-element_type=\"widget\" data-widget_type=\"image.default\">\n\t\t\t\t<div class=\"elementor-widget-container\">\n\t\t\t\t\t\t\t\t\t\t\t\t\t\t<a href=\"https:\/\/julie-mallier.fr\/?p=514\">\n\t\t\t\t\t\t\t<img decoding=\"async\" width=\"1038\" height=\"576\" src=\"https:\/\/julie-mallier.fr\/wp-content\/uploads\/2024\/03\/9-2-1038x576.png\" class=\"elementor-animation-shrink attachment-nisarg-full-width size-nisarg-full-width wp-image-1461\" alt=\"BUT 3\" \/>\t\t\t\t\t\t\t\t<\/a>\n\t\t\t\t\t\t\t\t\t\t\t\t\t<\/div>\n\t\t\t\t<\/div>\n\t\t\t\t<div class=\"elementor-element elementor-element-06ad4f0 elementor-widget elementor-widget-image\" data-id=\"06ad4f0\" data-element_type=\"widget\" data-widget_type=\"image.default\">\n\t\t\t\t<div class=\"elementor-widget-container\">\n\t\t\t\t\t\t\t\t\t\t\t\t\t\t<a href=\"https:\/\/julie-mallier.fr\/?p=272\">\n\t\t\t\t\t\t\t<img loading=\"lazy\" decoding=\"async\" width=\"1038\" height=\"576\" src=\"https:\/\/julie-mallier.fr\/wp-content\/uploads\/2024\/03\/12-1-1038x576.png\" class=\"elementor-animation-shrink attachment-nisarg-full-width size-nisarg-full-width wp-image-1456\" alt=\"Argile\" \/>\t\t\t\t\t\t\t\t<\/a>\n\t\t\t\t\t\t\t\t\t\t\t\t\t<\/div>\n\t\t\t\t<\/div>\n\t\t\t\t<\/div>\n\t\t<div class=\"elementor-element elementor-element-ca06963 e-con-full e-flex wpr-particle-no wpr-jarallax-no wpr-parallax-no wpr-sticky-section-no e-con e-child\" data-id=\"ca06963\" data-element_type=\"container\" data-settings=\"{&quot;content_width&quot;:&quot;full&quot;}\">\n\t\t\t\t<div class=\"elementor-element elementor-element-0944dff elementor-widget elementor-widget-image\" data-id=\"0944dff\" data-element_type=\"widget\" data-widget_type=\"image.default\">\n\t\t\t\t<div class=\"elementor-widget-container\">\n\t\t\t\t\t\t\t\t\t\t\t\t\t\t<a href=\"https:\/\/julie-mallier.fr\/?p=517\">\n\t\t\t\t\t\t\t<img loading=\"lazy\" decoding=\"async\" width=\"1038\" height=\"576\" src=\"https:\/\/julie-mallier.fr\/wp-content\/uploads\/2024\/03\/10-1-1038x576.png\" class=\"elementor-animation-shrink attachment-nisarg-full-width size-nisarg-full-width wp-image-1462\" alt=\"Fortwenger\" \/>\t\t\t\t\t\t\t\t<\/a>\n\t\t\t\t\t\t\t\t\t\t\t\t\t<\/div>\n\t\t\t\t<\/div>\n\t\t\t\t<div class=\"elementor-element elementor-element-a0afac1 elementor-widget elementor-widget-image\" data-id=\"a0afac1\" data-element_type=\"widget\" data-widget_type=\"image.default\">\n\t\t\t\t<div class=\"elementor-widget-container\">\n\t\t\t\t\t\t\t\t\t\t\t\t\t\t<a href=\"https:\/\/julie-mallier.fr\/?p=274\">\n\t\t\t\t\t\t\t<img loading=\"lazy\" decoding=\"async\" width=\"1038\" height=\"576\" src=\"https:\/\/julie-mallier.fr\/wp-content\/uploads\/2024\/03\/11-1-1038x576.png\" class=\"elementor-animation-shrink attachment-nisarg-full-width size-nisarg-full-width wp-image-1455\" alt=\"BUT 2\" \/>\t\t\t\t\t\t\t\t<\/a>\n\t\t\t\t\t\t\t\t\t\t\t\t\t<\/div>\n\t\t\t\t<\/div>\n\t\t\t\t<\/div>\n\t\t<div class=\"elementor-element elementor-element-5ff6820 e-con-full e-flex wpr-particle-no wpr-jarallax-no wpr-parallax-no wpr-sticky-section-no e-con e-child\" data-id=\"5ff6820\" data-element_type=\"container\" data-settings=\"{&quot;content_width&quot;:&quot;full&quot;}\">\n\t\t\t\t<div class=\"elementor-element elementor-element-94fd3db elementor-widget elementor-widget-image\" data-id=\"94fd3db\" data-element_type=\"widget\" data-widget_type=\"image.default\">\n\t\t\t\t<div class=\"elementor-widget-container\">\n\t\t\t\t\t\t\t\t\t\t\t\t\t\t<a href=\"https:\/\/julie-mallier.fr\/?p=2140\">\n\t\t\t\t\t\t\t<img loading=\"lazy\" decoding=\"async\" width=\"1038\" height=\"576\" src=\"https:\/\/julie-mallier.fr\/wp-content\/uploads\/2024\/10\/Benevolat-1038x576.jpg\" class=\"elementor-animation-shrink attachment-nisarg-full-width size-nisarg-full-width wp-image-2245\" alt=\"\" \/>\t\t\t\t\t\t\t\t<\/a>\n\t\t\t\t\t\t\t\t\t\t\t\t\t<\/div>\n\t\t\t\t<\/div>\n\t\t\t\t<div class=\"elementor-element elementor-element-b160ffb elementor-widget elementor-widget-image\" data-id=\"b160ffb\" data-element_type=\"widget\" data-widget_type=\"image.default\">\n\t\t\t\t<div class=\"elementor-widget-container\">\n\t\t\t\t\t\t\t\t\t\t\t\t\t\t<a href=\"https:\/\/julie-mallier.fr\/?p=270\">\n\t\t\t\t\t\t\t<img loading=\"lazy\" decoding=\"async\" width=\"1038\" height=\"576\" src=\"https:\/\/julie-mallier.fr\/wp-content\/uploads\/2024\/03\/13-1038x576.png\" class=\"elementor-animation-shrink attachment-nisarg-full-width size-nisarg-full-width wp-image-1457\" alt=\"Hager\" \/>\t\t\t\t\t\t\t\t<\/a>\n\t\t\t\t\t\t\t\t\t\t\t\t\t<\/div>\n\t\t\t\t<\/div>\n\t\t\t\t<\/div>\n\t\t<div class=\"elementor-element elementor-element-de88841 e-con-full e-flex wpr-particle-no wpr-jarallax-no wpr-parallax-no wpr-sticky-section-no e-con e-child\" data-id=\"de88841\" data-element_type=\"container\" data-settings=\"{&quot;content_width&quot;:&quot;full&quot;}\">\n\t\t\t\t<\/div>\n\t\t<div class=\"elementor-element elementor-element-56b4172 e-con-full e-flex wpr-particle-no wpr-jarallax-no wpr-parallax-no wpr-sticky-section-no e-con e-child\" data-id=\"56b4172\" data-element_type=\"container\" data-settings=\"{&quot;content_width&quot;:&quot;full&quot;}\">\n\t\t\t\t<\/div>\n\t\t<div class=\"elementor-element elementor-element-ab0c8b9 e-con-full e-flex wpr-particle-no wpr-jarallax-no wpr-parallax-no wpr-sticky-section-no e-con e-child\" data-id=\"ab0c8b9\" data-element_type=\"container\" data-settings=\"{&quot;content_width&quot;:&quot;full&quot;}\">\n\t\t\t\t<div class=\"elementor-element elementor-element-25cbb44 elementor-widget elementor-widget-image\" data-id=\"25cbb44\" data-element_type=\"widget\" data-widget_type=\"image.default\">\n\t\t\t\t<div class=\"elementor-widget-container\">\n\t\t\t\t\t\t\t\t\t\t\t\t\t\t<a href=\"https:\/\/julie-mallier.fr\/?p=268\">\n\t\t\t\t\t\t\t<img loading=\"lazy\" decoding=\"async\" width=\"1038\" height=\"576\" src=\"https:\/\/julie-mallier.fr\/wp-content\/uploads\/2024\/03\/14-1-1038x576.png\" class=\"elementor-animation-shrink attachment-nisarg-full-width size-nisarg-full-width wp-image-1458\" alt=\"BUT 1\" \/>\t\t\t\t\t\t\t\t<\/a>\n\t\t\t\t\t\t\t\t\t\t\t\t\t<\/div>\n\t\t\t\t<\/div>\n\t\t\t\t<\/div>\n\t\t\t\t\t<\/div>\n\t\t\t\t<\/div>\n\t\t\t\t<\/div>\n\t\t","protected":false},"excerpt":{"rendered":"<p>Depuis 2022, je suis en formation dans le d\u00e9partement information et communication de l&#8217;IUT Besan\u00e7on-Vesoul.&nbsp; En option communication des organisations, j&#8217;acqui\u00e8re de nouvelles comp\u00e9tences et connaissances afin d&#8217;int\u00e9grer le domaine de la communication. D\u00e9couvrez mes r\u00e9alisations et projets au sein de l&#8217;IUT et \u00e0 travers mes diverses exp\u00e9riences professionnelles.&nbsp;<\/p>\n","protected":false},"author":1,"featured_media":0,"parent":0,"menu_order":0,"comment_status":"closed","ping_status":"closed","template":"","meta":{"footnotes":""},"class_list":["post-230","page","type-page","status-publish","hentry"],"yoast_head":"<!-- This site is optimized with the Yoast SEO plugin v22.2 - https:\/\/yoast.com\/wordpress\/plugins\/seo\/ -->\n<title>D\u00e9couvrez mes r\u00e9alisations et travaux | Portfolio<\/title>\n<meta name=\"description\" content=\"D\u00e9couvrez mes r\u00e9alisations et projets au sein de l\u2019IUT et \u00e0 travers mes diverses exp\u00e9riences professionnelles.\" \/>\n<meta name=\"robots\" content=\"index, follow, max-snippet:-1, max-image-preview:large, max-video-preview:-1\" \/>\n<link rel=\"canonical\" href=\"https:\/\/julie-mallier.fr\/?page_id=230\" \/>\n<meta property=\"og:locale\" content=\"en_US\" \/>\n<meta property=\"og:type\" content=\"article\" \/>\n<meta property=\"og:title\" content=\"D\u00e9couvrez mes r\u00e9alisations et travaux | Portfolio\" \/>\n<meta property=\"og:description\" content=\"D\u00e9couvrez mes r\u00e9alisations et projets au sein de l\u2019IUT et \u00e0 travers mes diverses exp\u00e9riences professionnelles.\" \/>\n<meta property=\"og:url\" content=\"https:\/\/julie-mallier.fr\/?page_id=230\" \/>\n<meta property=\"og:site_name\" content=\"Portfolio\" \/>\n<meta property=\"article:modified_time\" content=\"2025-03-06T13:22:02+00:00\" \/>\n<meta property=\"og:image\" content=\"http:\/\/julie-mallier.fr\/wp-content\/uploads\/2024\/03\/7-1-1024x1024.png\" \/>\n<meta name=\"twitter:card\" content=\"summary_large_image\" \/>\n<meta name=\"twitter:label1\" content=\"Est. reading time\" \/>\n\t<meta name=\"twitter:data1\" content=\"3 minutes\" \/>\n<script type=\"application\/ld+json\" class=\"yoast-schema-graph\">{\"@context\":\"https:\/\/schema.org\",\"@graph\":[{\"@type\":\"WebPage\",\"@id\":\"https:\/\/julie-mallier.fr\/?page_id=230\",\"url\":\"https:\/\/julie-mallier.fr\/?page_id=230\",\"name\":\"D\u00e9couvrez mes r\u00e9alisations et travaux | Portfolio\",\"isPartOf\":{\"@id\":\"https:\/\/julie-mallier.fr\/#website\"},\"primaryImageOfPage\":{\"@id\":\"https:\/\/julie-mallier.fr\/?page_id=230#primaryimage\"},\"image\":{\"@id\":\"https:\/\/julie-mallier.fr\/?page_id=230#primaryimage\"},\"thumbnailUrl\":\"http:\/\/julie-mallier.fr\/wp-content\/uploads\/2024\/03\/7-1-1024x1024.png\",\"datePublished\":\"2024-02-14T08:55:05+00:00\",\"dateModified\":\"2025-03-06T13:22:02+00:00\",\"description\":\"D\u00e9couvrez mes r\u00e9alisations et projets au sein de l\u2019IUT et \u00e0 travers mes diverses exp\u00e9riences professionnelles.\",\"breadcrumb\":{\"@id\":\"https:\/\/julie-mallier.fr\/?page_id=230#breadcrumb\"},\"inLanguage\":\"en-US\",\"potentialAction\":[{\"@type\":\"ReadAction\",\"target\":[\"https:\/\/julie-mallier.fr\/?page_id=230\"]}]},{\"@type\":\"ImageObject\",\"inLanguage\":\"en-US\",\"@id\":\"https:\/\/julie-mallier.fr\/?page_id=230#primaryimage\",\"url\":\"http:\/\/julie-mallier.fr\/wp-content\/uploads\/2024\/03\/7-1-1024x1024.png\",\"contentUrl\":\"http:\/\/julie-mallier.fr\/wp-content\/uploads\/2024\/03\/7-1-1024x1024.png\"},{\"@type\":\"BreadcrumbList\",\"@id\":\"https:\/\/julie-mallier.fr\/?page_id=230#breadcrumb\",\"itemListElement\":[{\"@type\":\"ListItem\",\"position\":1,\"name\":\"Accueil\",\"item\":\"https:\/\/julie-mallier.fr\/\"},{\"@type\":\"ListItem\",\"position\":2,\"name\":\"R\u00e9alisations\"}]},{\"@type\":\"WebSite\",\"@id\":\"https:\/\/julie-mallier.fr\/#website\",\"url\":\"https:\/\/julie-mallier.fr\/\",\"name\":\"Portfolio\",\"description\":\"Julie Mallier\",\"potentialAction\":[{\"@type\":\"SearchAction\",\"target\":{\"@type\":\"EntryPoint\",\"urlTemplate\":\"https:\/\/julie-mallier.fr\/?s={search_term_string}\"},\"query-input\":\"required name=search_term_string\"}],\"inLanguage\":\"en-US\"}]}<\/script>\n<!-- \/ Yoast SEO plugin. -->","yoast_head_json":{"title":"D\u00e9couvrez mes r\u00e9alisations et travaux | Portfolio","description":"D\u00e9couvrez mes r\u00e9alisations et projets au sein de l\u2019IUT et \u00e0 travers mes diverses exp\u00e9riences professionnelles.","robots":{"index":"index","follow":"follow","max-snippet":"max-snippet:-1","max-image-preview":"max-image-preview:large","max-video-preview":"max-video-preview:-1"},"canonical":"https:\/\/julie-mallier.fr\/?page_id=230","og_locale":"en_US","og_type":"article","og_title":"D\u00e9couvrez mes r\u00e9alisations et travaux | Portfolio","og_description":"D\u00e9couvrez mes r\u00e9alisations et projets au sein de l\u2019IUT et \u00e0 travers mes diverses exp\u00e9riences professionnelles.","og_url":"https:\/\/julie-mallier.fr\/?page_id=230","og_site_name":"Portfolio","article_modified_time":"2025-03-06T13:22:02+00:00","og_image":[{"url":"http:\/\/julie-mallier.fr\/wp-content\/uploads\/2024\/03\/7-1-1024x1024.png"}],"twitter_card":"summary_large_image","twitter_misc":{"Est. reading time":"3 minutes"},"schema":{"@context":"https:\/\/schema.org","@graph":[{"@type":"WebPage","@id":"https:\/\/julie-mallier.fr\/?page_id=230","url":"https:\/\/julie-mallier.fr\/?page_id=230","name":"D\u00e9couvrez mes r\u00e9alisations et travaux | Portfolio","isPartOf":{"@id":"https:\/\/julie-mallier.fr\/#website"},"primaryImageOfPage":{"@id":"https:\/\/julie-mallier.fr\/?page_id=230#primaryimage"},"image":{"@id":"https:\/\/julie-mallier.fr\/?page_id=230#primaryimage"},"thumbnailUrl":"http:\/\/julie-mallier.fr\/wp-content\/uploads\/2024\/03\/7-1-1024x1024.png","datePublished":"2024-02-14T08:55:05+00:00","dateModified":"2025-03-06T13:22:02+00:00","description":"D\u00e9couvrez mes r\u00e9alisations et projets au sein de l\u2019IUT et \u00e0 travers mes diverses exp\u00e9riences professionnelles.","breadcrumb":{"@id":"https:\/\/julie-mallier.fr\/?page_id=230#breadcrumb"},"inLanguage":"en-US","potentialAction":[{"@type":"ReadAction","target":["https:\/\/julie-mallier.fr\/?page_id=230"]}]},{"@type":"ImageObject","inLanguage":"en-US","@id":"https:\/\/julie-mallier.fr\/?page_id=230#primaryimage","url":"http:\/\/julie-mallier.fr\/wp-content\/uploads\/2024\/03\/7-1-1024x1024.png","contentUrl":"http:\/\/julie-mallier.fr\/wp-content\/uploads\/2024\/03\/7-1-1024x1024.png"},{"@type":"BreadcrumbList","@id":"https:\/\/julie-mallier.fr\/?page_id=230#breadcrumb","itemListElement":[{"@type":"ListItem","position":1,"name":"Accueil","item":"https:\/\/julie-mallier.fr\/"},{"@type":"ListItem","position":2,"name":"R\u00e9alisations"}]},{"@type":"WebSite","@id":"https:\/\/julie-mallier.fr\/#website","url":"https:\/\/julie-mallier.fr\/","name":"Portfolio","description":"Julie Mallier","potentialAction":[{"@type":"SearchAction","target":{"@type":"EntryPoint","urlTemplate":"https:\/\/julie-mallier.fr\/?s={search_term_string}"},"query-input":"required name=search_term_string"}],"inLanguage":"en-US"}]}},"_links":{"self":[{"href":"https:\/\/julie-mallier.fr\/index.php?rest_route=\/wp\/v2\/pages\/230","targetHints":{"allow":["GET"]}}],"collection":[{"href":"https:\/\/julie-mallier.fr\/index.php?rest_route=\/wp\/v2\/pages"}],"about":[{"href":"https:\/\/julie-mallier.fr\/index.php?rest_route=\/wp\/v2\/types\/page"}],"author":[{"embeddable":true,"href":"https:\/\/julie-mallier.fr\/index.php?rest_route=\/wp\/v2\/users\/1"}],"replies":[{"embeddable":true,"href":"https:\/\/julie-mallier.fr\/index.php?rest_route=%2Fwp%2Fv2%2Fcomments&post=230"}],"version-history":[{"count":82,"href":"https:\/\/julie-mallier.fr\/index.php?rest_route=\/wp\/v2\/pages\/230\/revisions"}],"predecessor-version":[{"id":2637,"href":"https:\/\/julie-mallier.fr\/index.php?rest_route=\/wp\/v2\/pages\/230\/revisions\/2637"}],"wp:attachment":[{"href":"https:\/\/julie-mallier.fr\/index.php?rest_route=%2Fwp%2Fv2%2Fmedia&parent=230"}],"curies":[{"name":"wp","href":"https:\/\/api.w.org\/{rel}","templated":true}]}}