{"id":225,"date":"2024-02-14T09:52:39","date_gmt":"2024-02-14T08:52:39","guid":{"rendered":"https:\/\/julie-mallier.fr\/?page_id=225"},"modified":"2025-02-13T10:11:11","modified_gmt":"2025-02-13T09:11:11","slug":"qui-je-suis","status":"publish","type":"page","link":"https:\/\/julie-mallier.fr\/?page_id=225","title":{"rendered":"Qui je suis"},"content":{"rendered":"\t\t<div data-elementor-type=\"wp-page\" data-elementor-id=\"225\" class=\"elementor elementor-225\">\n\t\t\t\t<div class=\"elementor-element elementor-element-8c1e073 e-flex e-con-boxed wpr-particle-no wpr-jarallax-no wpr-parallax-no wpr-sticky-section-no e-con e-parent\" data-id=\"8c1e073\" data-element_type=\"container\" data-settings=\"{&quot;content_width&quot;:&quot;boxed&quot;}\" data-core-v316-plus=\"true\">\n\t\t\t\t\t<div class=\"e-con-inner\">\n\t\t<div class=\"elementor-element elementor-element-7cb03bf e-con-full e-flex wpr-particle-no wpr-jarallax-no wpr-parallax-no wpr-sticky-section-no e-con e-child\" data-id=\"7cb03bf\" data-element_type=\"container\" data-settings=\"{&quot;content_width&quot;:&quot;full&quot;}\">\n\t\t\t\t<div class=\"elementor-element elementor-element-7992913 elementor-widget elementor-widget-image\" data-id=\"7992913\" data-element_type=\"widget\" data-widget_type=\"image.default\">\n\t\t\t\t<div class=\"elementor-widget-container\">\n\t\t\t<style>\/*! elementor - v3.19.0 - 29-01-2024 *\/\n.elementor-widget-image{text-align:center}.elementor-widget-image a{display:inline-block}.elementor-widget-image a img[src$=\".svg\"]{width:48px}.elementor-widget-image img{vertical-align:middle;display:inline-block}<\/style>\t\t\t\t\t\t\t\t\t\t<img fetchpriority=\"high\" decoding=\"async\" width=\"640\" height=\"640\" src=\"https:\/\/julie-mallier.fr\/wp-content\/uploads\/2024\/03\/photo-portfolio-get-2-know-me-1-1024x1024.png\" class=\"attachment-large size-large wp-image-1444\" alt=\"\" srcset=\"https:\/\/julie-mallier.fr\/wp-content\/uploads\/2024\/03\/photo-portfolio-get-2-know-me-1-1024x1024.png 1024w, https:\/\/julie-mallier.fr\/wp-content\/uploads\/2024\/03\/photo-portfolio-get-2-know-me-1-300x300.png 300w, https:\/\/julie-mallier.fr\/wp-content\/uploads\/2024\/03\/photo-portfolio-get-2-know-me-1-150x150.png 150w, https:\/\/julie-mallier.fr\/wp-content\/uploads\/2024\/03\/photo-portfolio-get-2-know-me-1-768x768.png 768w, https:\/\/julie-mallier.fr\/wp-content\/uploads\/2024\/03\/photo-portfolio-get-2-know-me-1-270x270.png 270w, https:\/\/julie-mallier.fr\/wp-content\/uploads\/2024\/03\/photo-portfolio-get-2-know-me-1.png 1080w\" sizes=\"(max-width: 640px) 100vw, 640px\" \/>\t\t\t\t\t\t\t\t\t\t\t\t\t<\/div>\n\t\t\t\t<\/div>\n\t\t\t\t<\/div>\n\t\t<div class=\"elementor-element elementor-element-7087aac e-con-full e-flex wpr-particle-no wpr-jarallax-no wpr-parallax-no wpr-sticky-section-no e-con e-child\" data-id=\"7087aac\" data-element_type=\"container\" data-settings=\"{&quot;content_width&quot;:&quot;full&quot;}\">\n\t\t\t\t<div class=\"elementor-element elementor-element-a9fb5a6 elementor-invisible elementor-widget elementor-widget-heading\" data-id=\"a9fb5a6\" data-element_type=\"widget\" data-settings=\"{&quot;_animation&quot;:&quot;fadeInDown&quot;}\" data-widget_type=\"heading.default\">\n\t\t\t\t<div class=\"elementor-widget-container\">\n\t\t\t<style>\/*! elementor - v3.19.0 - 29-01-2024 *\/\n.elementor-heading-title{padding:0;margin:0;line-height:1}.elementor-widget-heading .elementor-heading-title[class*=elementor-size-]>a{color:inherit;font-size:inherit;line-height:inherit}.elementor-widget-heading .elementor-heading-title.elementor-size-small{font-size:15px}.elementor-widget-heading .elementor-heading-title.elementor-size-medium{font-size:19px}.elementor-widget-heading .elementor-heading-title.elementor-size-large{font-size:29px}.elementor-widget-heading .elementor-heading-title.elementor-size-xl{font-size:39px}.elementor-widget-heading .elementor-heading-title.elementor-size-xxl{font-size:59px}<\/style><h2 class=\"elementor-heading-title elementor-size-default\">Moi ? C'est Julie !<\/h2>\t\t<\/div>\n\t\t\t\t<\/div>\n\t\t\t\t<div class=\"elementor-element elementor-element-8370158 elementor-widget elementor-widget-text-editor\" data-id=\"8370158\" data-element_type=\"widget\" data-widget_type=\"text-editor.default\">\n\t\t\t\t<div class=\"elementor-widget-container\">\n\t\t\t<style>\/*! elementor - v3.19.0 - 29-01-2024 *\/\n.elementor-widget-text-editor.elementor-drop-cap-view-stacked .elementor-drop-cap{background-color:#69727d;color:#fff}.elementor-widget-text-editor.elementor-drop-cap-view-framed .elementor-drop-cap{color:#69727d;border:3px solid;background-color:transparent}.elementor-widget-text-editor:not(.elementor-drop-cap-view-default) .elementor-drop-cap{margin-top:8px}.elementor-widget-text-editor:not(.elementor-drop-cap-view-default) .elementor-drop-cap-letter{width:1em;height:1em}.elementor-widget-text-editor .elementor-drop-cap{float:left;text-align:center;line-height:1;font-size:50px}.elementor-widget-text-editor .elementor-drop-cap-letter{display:inline-block}<\/style>\t\t\t\t<p>Je suis une personne de nature curieuse, cr\u00e9ative organis\u00e9e et s\u00e9rieuse.&nbsp;<\/p>\n<p>Durant mon temps libre, j&#8217;aime lire et regarder des films. J&#8217;aime aussi pratiquer diverses activit\u00e9s manuelles, telles que le scrapbooking afin de d\u00e9velopper ma cr\u00e9ativit\u00e9.<\/p>\n<p>En ce qui concerne mon travail, je planifie mes t\u00e2ches ce qui me permet d&#8217;\u00eatre r\u00e9active et de rendre mes travaux dans les d\u00e9lais.&nbsp;<\/p>\t\t\t\t\t\t<\/div>\n\t\t\t\t<\/div>\n\t\t\t\t<\/div>\n\t\t\t\t\t<\/div>\n\t\t\t\t<\/div>\n\t\t<div class=\"elementor-element elementor-element-eeb6674 e-flex e-con-boxed wpr-particle-no wpr-jarallax-no wpr-parallax-no wpr-sticky-section-no e-con e-parent\" data-id=\"eeb6674\" data-element_type=\"container\" data-settings=\"{&quot;content_width&quot;:&quot;boxed&quot;}\" data-core-v316-plus=\"true\">\n\t\t\t\t\t<div class=\"e-con-inner\">\n\t\t<div class=\"elementor-element elementor-element-b617a7d e-con-full e-flex wpr-particle-no wpr-jarallax-no wpr-parallax-no wpr-sticky-section-no e-con e-child\" data-id=\"b617a7d\" data-element_type=\"container\" data-settings=\"{&quot;content_width&quot;:&quot;full&quot;}\">\n\t\t\t\t<div class=\"elementor-element elementor-element-40597cc elementor-widget elementor-widget-image\" data-id=\"40597cc\" data-element_type=\"widget\" data-widget_type=\"image.default\">\n\t\t\t\t<div class=\"elementor-widget-container\">\n\t\t\t\t\t\t\t\t\t\t\t\t\t\t<a href=\"https:\/\/julie-mallier.fr\/?p=254\">\n\t\t\t\t\t\t\t<img decoding=\"async\" width=\"1038\" height=\"576\" src=\"https:\/\/julie-mallier.fr\/wp-content\/uploads\/2024\/03\/passions-1038x576.png\" class=\"elementor-animation-shrink attachment-nisarg-full-width size-nisarg-full-width wp-image-1449\" alt=\"\" \/>\t\t\t\t\t\t\t\t<\/a>\n\t\t\t\t\t\t\t\t\t\t\t\t\t<\/div>\n\t\t\t\t<\/div>\n\t\t\t\t<\/div>\n\t\t<div class=\"elementor-element elementor-element-a8a95ad e-con-full e-flex wpr-particle-no wpr-jarallax-no wpr-parallax-no wpr-sticky-section-no e-con e-child\" data-id=\"a8a95ad\" data-element_type=\"container\" data-settings=\"{&quot;content_width&quot;:&quot;full&quot;}\">\n\t\t\t\t<div class=\"elementor-element elementor-element-ab71531 elementor-widget elementor-widget-image\" data-id=\"ab71531\" data-element_type=\"widget\" data-widget_type=\"image.default\">\n\t\t\t\t<div class=\"elementor-widget-container\">\n\t\t\t\t\t\t\t\t\t\t\t\t\t\t<a href=\"https:\/\/julie-mallier.fr\/?p=259\">\n\t\t\t\t\t\t\t<img decoding=\"async\" width=\"1038\" height=\"576\" src=\"https:\/\/julie-mallier.fr\/wp-content\/uploads\/2024\/03\/parcours-1038x576.png\" class=\"elementor-animation-shrink attachment-nisarg-full-width size-nisarg-full-width wp-image-1451\" alt=\"\" \/>\t\t\t\t\t\t\t\t<\/a>\n\t\t\t\t\t\t\t\t\t\t\t\t\t<\/div>\n\t\t\t\t<\/div>\n\t\t\t\t<\/div>\n\t\t<div class=\"elementor-element elementor-element-0cc55eb e-con-full e-flex wpr-particle-no wpr-jarallax-no wpr-parallax-no wpr-sticky-section-no e-con e-child\" data-id=\"0cc55eb\" data-element_type=\"container\" data-settings=\"{&quot;content_width&quot;:&quot;full&quot;}\">\n\t\t\t\t<div class=\"elementor-element elementor-element-e44b762 elementor-widget elementor-widget-image\" data-id=\"e44b762\" data-element_type=\"widget\" data-widget_type=\"image.default\">\n\t\t\t\t<div class=\"elementor-widget-container\">\n\t\t\t\t\t\t\t\t\t\t\t\t\t\t<a href=\"https:\/\/julie-mallier.fr\/?p=263\">\n\t\t\t\t\t\t\t<img loading=\"lazy\" decoding=\"async\" width=\"1038\" height=\"576\" src=\"https:\/\/julie-mallier.fr\/wp-content\/uploads\/2024\/03\/competences-1038x576.png\" class=\"elementor-animation-shrink attachment-nisarg-full-width size-nisarg-full-width wp-image-1450\" alt=\"\" \/>\t\t\t\t\t\t\t\t<\/a>\n\t\t\t\t\t\t\t\t\t\t\t\t\t<\/div>\n\t\t\t\t<\/div>\n\t\t\t\t<\/div>\n\t\t\t\t\t<\/div>\n\t\t\t\t<\/div>\n\t\t\t\t<\/div>\n\t\t","protected":false},"excerpt":{"rendered":"<p>Moi ? C&#8217;est Julie ! Je suis une personne de nature curieuse, cr\u00e9ative organis\u00e9e et s\u00e9rieuse.&nbsp; Durant mon temps libre, j&#8217;aime lire et regarder des films. J&#8217;aime aussi pratiquer diverses activit\u00e9s manuelles, telles que le scrapbooking afin de d\u00e9velopper ma cr\u00e9ativit\u00e9. En ce qui concerne mon travail, je planifie mes t\u00e2ches ce qui me permet d&#8217;\u00eatre r\u00e9active et de rendre mes travaux dans les d\u00e9lais.&nbsp;<\/p>\n","protected":false},"author":1,"featured_media":0,"parent":0,"menu_order":0,"comment_status":"closed","ping_status":"closed","template":"","meta":{"footnotes":""},"class_list":["post-225","page","type-page","status-publish","hentry"],"yoast_head":"<!-- This site is optimized with the Yoast SEO plugin v22.2 - https:\/\/yoast.com\/wordpress\/plugins\/seo\/ -->\n<title>Apprenez \u00e0 me conna\u00eetre | Portfolio<\/title>\n<meta name=\"description\" content=\"Moi c&#039;est Julie ! Je suis cr\u00e9ative organis\u00e9e et s\u00e9rieuse. Durant mon temps libre, j&#039;aime lire et regarder des films en anglais.\" \/>\n<meta name=\"robots\" content=\"index, follow, max-snippet:-1, max-image-preview:large, max-video-preview:-1\" \/>\n<link rel=\"canonical\" href=\"https:\/\/julie-mallier.fr\/?page_id=225\" \/>\n<meta property=\"og:locale\" content=\"en_US\" \/>\n<meta property=\"og:type\" content=\"article\" \/>\n<meta property=\"og:title\" content=\"Apprenez \u00e0 me conna\u00eetre | Portfolio\" \/>\n<meta property=\"og:description\" content=\"Moi c&#039;est Julie ! Je suis cr\u00e9ative organis\u00e9e et s\u00e9rieuse. Durant mon temps libre, j&#039;aime lire et regarder des films en anglais.\" \/>\n<meta property=\"og:url\" content=\"https:\/\/julie-mallier.fr\/?page_id=225\" \/>\n<meta property=\"og:site_name\" content=\"Portfolio\" \/>\n<meta property=\"article:modified_time\" content=\"2025-02-13T09:11:11+00:00\" \/>\n<meta property=\"og:image\" content=\"http:\/\/julie-mallier.fr\/wp-content\/uploads\/2024\/03\/photo-portfolio-get-2-know-me-1-1024x1024.png\" \/>\n<meta name=\"twitter:card\" content=\"summary_large_image\" \/>\n<meta name=\"twitter:label1\" content=\"Est. reading time\" \/>\n\t<meta name=\"twitter:data1\" content=\"2 minutes\" \/>\n<script type=\"application\/ld+json\" class=\"yoast-schema-graph\">{\"@context\":\"https:\/\/schema.org\",\"@graph\":[{\"@type\":\"WebPage\",\"@id\":\"https:\/\/julie-mallier.fr\/?page_id=225\",\"url\":\"https:\/\/julie-mallier.fr\/?page_id=225\",\"name\":\"Apprenez \u00e0 me conna\u00eetre | Portfolio\",\"isPartOf\":{\"@id\":\"https:\/\/julie-mallier.fr\/#website\"},\"primaryImageOfPage\":{\"@id\":\"https:\/\/julie-mallier.fr\/?page_id=225#primaryimage\"},\"image\":{\"@id\":\"https:\/\/julie-mallier.fr\/?page_id=225#primaryimage\"},\"thumbnailUrl\":\"http:\/\/julie-mallier.fr\/wp-content\/uploads\/2024\/03\/photo-portfolio-get-2-know-me-1-1024x1024.png\",\"datePublished\":\"2024-02-14T08:52:39+00:00\",\"dateModified\":\"2025-02-13T09:11:11+00:00\",\"description\":\"Moi c'est Julie ! Je suis cr\u00e9ative organis\u00e9e et s\u00e9rieuse. Durant mon temps libre, j'aime lire et regarder des films en anglais.\",\"breadcrumb\":{\"@id\":\"https:\/\/julie-mallier.fr\/?page_id=225#breadcrumb\"},\"inLanguage\":\"en-US\",\"potentialAction\":[{\"@type\":\"ReadAction\",\"target\":[\"https:\/\/julie-mallier.fr\/?page_id=225\"]}]},{\"@type\":\"ImageObject\",\"inLanguage\":\"en-US\",\"@id\":\"https:\/\/julie-mallier.fr\/?page_id=225#primaryimage\",\"url\":\"http:\/\/julie-mallier.fr\/wp-content\/uploads\/2024\/03\/photo-portfolio-get-2-know-me-1-1024x1024.png\",\"contentUrl\":\"http:\/\/julie-mallier.fr\/wp-content\/uploads\/2024\/03\/photo-portfolio-get-2-know-me-1-1024x1024.png\"},{\"@type\":\"BreadcrumbList\",\"@id\":\"https:\/\/julie-mallier.fr\/?page_id=225#breadcrumb\",\"itemListElement\":[{\"@type\":\"ListItem\",\"position\":1,\"name\":\"Accueil\",\"item\":\"https:\/\/julie-mallier.fr\/\"},{\"@type\":\"ListItem\",\"position\":2,\"name\":\"Qui je suis\"}]},{\"@type\":\"WebSite\",\"@id\":\"https:\/\/julie-mallier.fr\/#website\",\"url\":\"https:\/\/julie-mallier.fr\/\",\"name\":\"Portfolio\",\"description\":\"Julie Mallier\",\"potentialAction\":[{\"@type\":\"SearchAction\",\"target\":{\"@type\":\"EntryPoint\",\"urlTemplate\":\"https:\/\/julie-mallier.fr\/?s={search_term_string}\"},\"query-input\":\"required name=search_term_string\"}],\"inLanguage\":\"en-US\"}]}<\/script>\n<!-- \/ Yoast SEO plugin. -->","yoast_head_json":{"title":"Apprenez \u00e0 me conna\u00eetre | Portfolio","description":"Moi c'est Julie ! Je suis cr\u00e9ative organis\u00e9e et s\u00e9rieuse. Durant mon temps libre, j'aime lire et regarder des films en anglais.","robots":{"index":"index","follow":"follow","max-snippet":"max-snippet:-1","max-image-preview":"max-image-preview:large","max-video-preview":"max-video-preview:-1"},"canonical":"https:\/\/julie-mallier.fr\/?page_id=225","og_locale":"en_US","og_type":"article","og_title":"Apprenez \u00e0 me conna\u00eetre | Portfolio","og_description":"Moi c'est Julie ! Je suis cr\u00e9ative organis\u00e9e et s\u00e9rieuse. Durant mon temps libre, j'aime lire et regarder des films en anglais.","og_url":"https:\/\/julie-mallier.fr\/?page_id=225","og_site_name":"Portfolio","article_modified_time":"2025-02-13T09:11:11+00:00","og_image":[{"url":"http:\/\/julie-mallier.fr\/wp-content\/uploads\/2024\/03\/photo-portfolio-get-2-know-me-1-1024x1024.png"}],"twitter_card":"summary_large_image","twitter_misc":{"Est. reading time":"2 minutes"},"schema":{"@context":"https:\/\/schema.org","@graph":[{"@type":"WebPage","@id":"https:\/\/julie-mallier.fr\/?page_id=225","url":"https:\/\/julie-mallier.fr\/?page_id=225","name":"Apprenez \u00e0 me conna\u00eetre | Portfolio","isPartOf":{"@id":"https:\/\/julie-mallier.fr\/#website"},"primaryImageOfPage":{"@id":"https:\/\/julie-mallier.fr\/?page_id=225#primaryimage"},"image":{"@id":"https:\/\/julie-mallier.fr\/?page_id=225#primaryimage"},"thumbnailUrl":"http:\/\/julie-mallier.fr\/wp-content\/uploads\/2024\/03\/photo-portfolio-get-2-know-me-1-1024x1024.png","datePublished":"2024-02-14T08:52:39+00:00","dateModified":"2025-02-13T09:11:11+00:00","description":"Moi c'est Julie ! Je suis cr\u00e9ative organis\u00e9e et s\u00e9rieuse. Durant mon temps libre, j'aime lire et regarder des films en anglais.","breadcrumb":{"@id":"https:\/\/julie-mallier.fr\/?page_id=225#breadcrumb"},"inLanguage":"en-US","potentialAction":[{"@type":"ReadAction","target":["https:\/\/julie-mallier.fr\/?page_id=225"]}]},{"@type":"ImageObject","inLanguage":"en-US","@id":"https:\/\/julie-mallier.fr\/?page_id=225#primaryimage","url":"http:\/\/julie-mallier.fr\/wp-content\/uploads\/2024\/03\/photo-portfolio-get-2-know-me-1-1024x1024.png","contentUrl":"http:\/\/julie-mallier.fr\/wp-content\/uploads\/2024\/03\/photo-portfolio-get-2-know-me-1-1024x1024.png"},{"@type":"BreadcrumbList","@id":"https:\/\/julie-mallier.fr\/?page_id=225#breadcrumb","itemListElement":[{"@type":"ListItem","position":1,"name":"Accueil","item":"https:\/\/julie-mallier.fr\/"},{"@type":"ListItem","position":2,"name":"Qui je suis"}]},{"@type":"WebSite","@id":"https:\/\/julie-mallier.fr\/#website","url":"https:\/\/julie-mallier.fr\/","name":"Portfolio","description":"Julie Mallier","potentialAction":[{"@type":"SearchAction","target":{"@type":"EntryPoint","urlTemplate":"https:\/\/julie-mallier.fr\/?s={search_term_string}"},"query-input":"required name=search_term_string"}],"inLanguage":"en-US"}]}},"_links":{"self":[{"href":"https:\/\/julie-mallier.fr\/index.php?rest_route=\/wp\/v2\/pages\/225","targetHints":{"allow":["GET"]}}],"collection":[{"href":"https:\/\/julie-mallier.fr\/index.php?rest_route=\/wp\/v2\/pages"}],"about":[{"href":"https:\/\/julie-mallier.fr\/index.php?rest_route=\/wp\/v2\/types\/page"}],"author":[{"embeddable":true,"href":"https:\/\/julie-mallier.fr\/index.php?rest_route=\/wp\/v2\/users\/1"}],"replies":[{"embeddable":true,"href":"https:\/\/julie-mallier.fr\/index.php?rest_route=%2Fwp%2Fv2%2Fcomments&post=225"}],"version-history":[{"count":52,"href":"https:\/\/julie-mallier.fr\/index.php?rest_route=\/wp\/v2\/pages\/225\/revisions"}],"predecessor-version":[{"id":2612,"href":"https:\/\/julie-mallier.fr\/index.php?rest_route=\/wp\/v2\/pages\/225\/revisions\/2612"}],"wp:attachment":[{"href":"https:\/\/julie-mallier.fr\/index.php?rest_route=%2Fwp%2Fv2%2Fmedia&parent=225"}],"curies":[{"name":"wp","href":"https:\/\/api.w.org\/{rel}","templated":true}]}}