{"id":1958,"date":"2024-04-08T16:08:44","date_gmt":"2024-04-08T14:08:44","guid":{"rendered":"https:\/\/julie-mallier.fr\/?page_id=1958"},"modified":"2024-04-10T15:12:38","modified_gmt":"2024-04-10T13:12:38","slug":"allemand-festival","status":"publish","type":"page","link":"https:\/\/julie-mallier.fr\/?page_id=1958","title":{"rendered":"Allemand"},"content":{"rendered":"\t\t<div data-elementor-type=\"wp-page\" data-elementor-id=\"1958\" class=\"elementor elementor-1958\">\n\t\t\t\t<div class=\"elementor-element elementor-element-53e0dc2 e-flex e-con-boxed wpr-particle-no wpr-jarallax-no wpr-parallax-no wpr-sticky-section-no e-con e-parent\" data-id=\"53e0dc2\" data-element_type=\"container\" data-settings=\"{&quot;content_width&quot;:&quot;boxed&quot;}\" data-core-v316-plus=\"true\">\n\t\t\t\t\t<div class=\"e-con-inner\">\n\t\t<div class=\"elementor-element elementor-element-8438983 e-con-full e-flex wpr-particle-no wpr-jarallax-no wpr-parallax-no wpr-sticky-section-no e-con e-child\" data-id=\"8438983\" data-element_type=\"container\" data-settings=\"{&quot;content_width&quot;:&quot;full&quot;}\">\n\t\t\t\t<div class=\"elementor-element elementor-element-1f0273a elementor-widget elementor-widget-image\" data-id=\"1f0273a\" data-element_type=\"widget\" data-widget_type=\"image.default\">\n\t\t\t\t<div class=\"elementor-widget-container\">\n\t\t\t<style>\/*! elementor - v3.19.0 - 29-01-2024 *\/\n.elementor-widget-image{text-align:center}.elementor-widget-image a{display:inline-block}.elementor-widget-image a img[src$=\".svg\"]{width:48px}.elementor-widget-image img{vertical-align:middle;display:inline-block}<\/style>\t\t\t\t\t\t\t\t\t\t\t<a href=\"https:\/\/drive.google.com\/file\/d\/1m5rQh_9b7Kp_zm7PV95hL6pkGR1j4IWX\/view?usp=sharing\" target=\"_blank\">\n\t\t\t\t\t\t\t<img fetchpriority=\"high\" decoding=\"async\" width=\"640\" height=\"360\" src=\"https:\/\/julie-mallier.fr\/wp-content\/uploads\/2024\/04\/pdg-copy-0-1024x576.jpg\" class=\"elementor-animation-shrink attachment-large size-large wp-image-2004\" alt=\"festival allemand\" srcset=\"https:\/\/julie-mallier.fr\/wp-content\/uploads\/2024\/04\/pdg-copy-0-1024x576.jpg 1024w, https:\/\/julie-mallier.fr\/wp-content\/uploads\/2024\/04\/pdg-copy-0-300x169.jpg 300w, https:\/\/julie-mallier.fr\/wp-content\/uploads\/2024\/04\/pdg-copy-0-768x432.jpg 768w, https:\/\/julie-mallier.fr\/wp-content\/uploads\/2024\/04\/pdg-copy-0-1536x864.jpg 1536w, https:\/\/julie-mallier.fr\/wp-content\/uploads\/2024\/04\/pdg-copy-0-480x270.jpg 480w, https:\/\/julie-mallier.fr\/wp-content\/uploads\/2024\/04\/pdg-copy-0.jpg 1920w\" sizes=\"(max-width: 640px) 100vw, 640px\" \/>\t\t\t\t\t\t\t\t<\/a>\n\t\t\t\t\t\t\t\t\t\t\t\t\t<\/div>\n\t\t\t\t<\/div>\n\t\t\t\t<\/div>\n\t\t<div class=\"elementor-element elementor-element-1a02caf e-con-full e-flex wpr-particle-no wpr-jarallax-no wpr-parallax-no wpr-sticky-section-no e-con e-child\" data-id=\"1a02caf\" data-element_type=\"container\" data-settings=\"{&quot;content_width&quot;:&quot;full&quot;}\">\n\t\t\t\t<div class=\"elementor-element elementor-element-6229e23 elementor-widget elementor-widget-text-editor\" data-id=\"6229e23\" data-element_type=\"widget\" data-widget_type=\"text-editor.default\">\n\t\t\t\t<div class=\"elementor-widget-container\">\n\t\t\t<style>\/*! elementor - v3.19.0 - 29-01-2024 *\/\n.elementor-widget-text-editor.elementor-drop-cap-view-stacked .elementor-drop-cap{background-color:#69727d;color:#fff}.elementor-widget-text-editor.elementor-drop-cap-view-framed .elementor-drop-cap{color:#69727d;border:3px solid;background-color:transparent}.elementor-widget-text-editor:not(.elementor-drop-cap-view-default) .elementor-drop-cap{margin-top:8px}.elementor-widget-text-editor:not(.elementor-drop-cap-view-default) .elementor-drop-cap-letter{width:1em;height:1em}.elementor-widget-text-editor .elementor-drop-cap{float:left;text-align:center;line-height:1;font-size:50px}.elementor-widget-text-editor .elementor-drop-cap-letter{display:inline-block}<\/style>\t\t\t\t<p>En cous d&#8217;allemand, nous avons imagin\u00e9 un festival de films allemands et fran\u00e7ais en \u00e9quipe.\u00a0<\/p><p>Nous avons choisi la th\u00e9matique du premier amour afin de r\u00e9unir quatre films.\u00a0<\/p>\t\t\t\t\t\t<\/div>\n\t\t\t\t<\/div>\n\t\t\t\t<div class=\"elementor-element elementor-element-8189146 elementor-invisible elementor-widget elementor-widget-text-editor\" data-id=\"8189146\" data-element_type=\"widget\" data-settings=\"{&quot;_animation&quot;:&quot;fadeInRight&quot;}\" data-widget_type=\"text-editor.default\">\n\t\t\t\t<div class=\"elementor-widget-container\">\n\t\t\t\t\t\t\t<p><strong>&nbsp;<\/strong><span style=\"color: rgb(32, 33, 36); font-family: &quot;Google Sans&quot;, arial, sans-serif; font-size: 20px;\">\u2190&nbsp;<\/span><strong>Voici la pr\u00e9sentation compl\u00e8te<\/strong><\/p>\t\t\t\t\t\t<\/div>\n\t\t\t\t<\/div>\n\t\t\t\t<\/div>\n\t\t\t\t\t<\/div>\n\t\t\t\t<\/div>\n\t\t<div class=\"elementor-element elementor-element-1ae40d6 e-flex e-con-boxed wpr-particle-no wpr-jarallax-no wpr-parallax-no wpr-sticky-section-no e-con e-parent\" data-id=\"1ae40d6\" data-element_type=\"container\" data-settings=\"{&quot;content_width&quot;:&quot;boxed&quot;}\" data-core-v316-plus=\"true\">\n\t\t\t\t\t<div class=\"e-con-inner\">\n\t\t\t\t<div class=\"elementor-element elementor-element-25a2414 elementor-widget elementor-widget-text-editor\" data-id=\"25a2414\" data-element_type=\"widget\" data-widget_type=\"text-editor.default\">\n\t\t\t\t<div class=\"elementor-widget-container\">\n\t\t\t\t\t\t\t<p style=\"color: rgb(0, 0, 0); font-family: Besley, sans-serif; font-size: 14px;\">Nous avons \u00e9galement r\u00e9dig\u00e9 un communiqu\u00e9 de presse fictif et une invitation par mail fictive.&nbsp;<\/p>\t\t\t\t\t\t<\/div>\n\t\t\t\t<\/div>\n\t\t\t\t<div class=\"elementor-element elementor-element-dc6e8ca elementor-widget elementor-widget-image\" data-id=\"dc6e8ca\" data-element_type=\"widget\" data-widget_type=\"image.default\">\n\t\t\t\t<div class=\"elementor-widget-container\">\n\t\t\t\t\t\t\t\t\t\t\t\t\t<img decoding=\"async\" width=\"640\" height=\"360\" src=\"https:\/\/julie-mallier.fr\/wp-content\/uploads\/2024\/04\/mail-1024x576.jpg\" class=\"elementor-animation-float attachment-large size-large wp-image-2030\" alt=\"mail allemand\" srcset=\"https:\/\/julie-mallier.fr\/wp-content\/uploads\/2024\/04\/mail-1024x576.jpg 1024w, https:\/\/julie-mallier.fr\/wp-content\/uploads\/2024\/04\/mail-300x169.jpg 300w, https:\/\/julie-mallier.fr\/wp-content\/uploads\/2024\/04\/mail-768x432.jpg 768w, https:\/\/julie-mallier.fr\/wp-content\/uploads\/2024\/04\/mail-1536x864.jpg 1536w, https:\/\/julie-mallier.fr\/wp-content\/uploads\/2024\/04\/mail-480x270.jpg 480w, https:\/\/julie-mallier.fr\/wp-content\/uploads\/2024\/04\/mail.jpg 1920w\" sizes=\"(max-width: 640px) 100vw, 640px\" \/>\t\t\t\t\t\t\t\t\t\t\t\t\t<\/div>\n\t\t\t\t<\/div>\n\t\t\t\t<div class=\"elementor-element elementor-element-97d1b5c elementor-widget elementor-widget-image\" data-id=\"97d1b5c\" data-element_type=\"widget\" data-widget_type=\"image.default\">\n\t\t\t\t<div class=\"elementor-widget-container\">\n\t\t\t\t\t\t\t\t\t\t\t\t\t<img decoding=\"async\" width=\"640\" height=\"360\" src=\"https:\/\/julie-mallier.fr\/wp-content\/uploads\/2024\/04\/CP-1024x576.jpg\" class=\"elementor-animation-float attachment-large size-large wp-image-2029\" alt=\"invitations allemand\" srcset=\"https:\/\/julie-mallier.fr\/wp-content\/uploads\/2024\/04\/CP-1024x576.jpg 1024w, https:\/\/julie-mallier.fr\/wp-content\/uploads\/2024\/04\/CP-300x169.jpg 300w, https:\/\/julie-mallier.fr\/wp-content\/uploads\/2024\/04\/CP-768x432.jpg 768w, https:\/\/julie-mallier.fr\/wp-content\/uploads\/2024\/04\/CP-1536x864.jpg 1536w, https:\/\/julie-mallier.fr\/wp-content\/uploads\/2024\/04\/CP-480x270.jpg 480w, https:\/\/julie-mallier.fr\/wp-content\/uploads\/2024\/04\/CP.jpg 1920w\" sizes=\"(max-width: 640px) 100vw, 640px\" \/>\t\t\t\t\t\t\t\t\t\t\t\t\t<\/div>\n\t\t\t\t<\/div>\n\t\t\t\t\t<\/div>\n\t\t\t\t<\/div>\n\t\t<div class=\"elementor-element elementor-element-a5e52b4 e-flex e-con-boxed wpr-particle-no wpr-jarallax-no wpr-parallax-no wpr-sticky-section-no e-con e-parent\" data-id=\"a5e52b4\" data-element_type=\"container\" data-settings=\"{&quot;content_width&quot;:&quot;boxed&quot;}\" data-core-v316-plus=\"true\">\n\t\t\t\t\t<div class=\"e-con-inner\">\n\t\t\t\t<div class=\"elementor-element elementor-element-6a11cce elementor-widget-divider--view-line elementor-widget elementor-widget-divider\" data-id=\"6a11cce\" data-element_type=\"widget\" data-widget_type=\"divider.default\">\n\t\t\t\t<div class=\"elementor-widget-container\">\n\t\t\t<style>\/*! elementor - v3.19.0 - 29-01-2024 *\/\n.elementor-widget-divider{--divider-border-style:none;--divider-border-width:1px;--divider-color:#0c0d0e;--divider-icon-size:20px;--divider-element-spacing:10px;--divider-pattern-height:24px;--divider-pattern-size:20px;--divider-pattern-url:none;--divider-pattern-repeat:repeat-x}.elementor-widget-divider .elementor-divider{display:flex}.elementor-widget-divider .elementor-divider__text{font-size:15px;line-height:1;max-width:95%}.elementor-widget-divider .elementor-divider__element{margin:0 var(--divider-element-spacing);flex-shrink:0}.elementor-widget-divider .elementor-icon{font-size:var(--divider-icon-size)}.elementor-widget-divider .elementor-divider-separator{display:flex;margin:0;direction:ltr}.elementor-widget-divider--view-line_icon .elementor-divider-separator,.elementor-widget-divider--view-line_text .elementor-divider-separator{align-items:center}.elementor-widget-divider--view-line_icon .elementor-divider-separator:after,.elementor-widget-divider--view-line_icon .elementor-divider-separator:before,.elementor-widget-divider--view-line_text .elementor-divider-separator:after,.elementor-widget-divider--view-line_text .elementor-divider-separator:before{display:block;content:\"\";border-block-end:0;flex-grow:1;border-block-start:var(--divider-border-width) var(--divider-border-style) var(--divider-color)}.elementor-widget-divider--element-align-left .elementor-divider .elementor-divider-separator>.elementor-divider__svg:first-of-type{flex-grow:0;flex-shrink:100}.elementor-widget-divider--element-align-left .elementor-divider-separator:before{content:none}.elementor-widget-divider--element-align-left .elementor-divider__element{margin-left:0}.elementor-widget-divider--element-align-right .elementor-divider .elementor-divider-separator>.elementor-divider__svg:last-of-type{flex-grow:0;flex-shrink:100}.elementor-widget-divider--element-align-right .elementor-divider-separator:after{content:none}.elementor-widget-divider--element-align-right .elementor-divider__element{margin-right:0}.elementor-widget-divider--element-align-start .elementor-divider .elementor-divider-separator>.elementor-divider__svg:first-of-type{flex-grow:0;flex-shrink:100}.elementor-widget-divider--element-align-start .elementor-divider-separator:before{content:none}.elementor-widget-divider--element-align-start .elementor-divider__element{margin-inline-start:0}.elementor-widget-divider--element-align-end .elementor-divider .elementor-divider-separator>.elementor-divider__svg:last-of-type{flex-grow:0;flex-shrink:100}.elementor-widget-divider--element-align-end .elementor-divider-separator:after{content:none}.elementor-widget-divider--element-align-end .elementor-divider__element{margin-inline-end:0}.elementor-widget-divider:not(.elementor-widget-divider--view-line_text):not(.elementor-widget-divider--view-line_icon) .elementor-divider-separator{border-block-start:var(--divider-border-width) var(--divider-border-style) var(--divider-color)}.elementor-widget-divider--separator-type-pattern{--divider-border-style:none}.elementor-widget-divider--separator-type-pattern.elementor-widget-divider--view-line .elementor-divider-separator,.elementor-widget-divider--separator-type-pattern:not(.elementor-widget-divider--view-line) .elementor-divider-separator:after,.elementor-widget-divider--separator-type-pattern:not(.elementor-widget-divider--view-line) .elementor-divider-separator:before,.elementor-widget-divider--separator-type-pattern:not([class*=elementor-widget-divider--view]) .elementor-divider-separator{width:100%;min-height:var(--divider-pattern-height);-webkit-mask-size:var(--divider-pattern-size) 100%;mask-size:var(--divider-pattern-size) 100%;-webkit-mask-repeat:var(--divider-pattern-repeat);mask-repeat:var(--divider-pattern-repeat);background-color:var(--divider-color);-webkit-mask-image:var(--divider-pattern-url);mask-image:var(--divider-pattern-url)}.elementor-widget-divider--no-spacing{--divider-pattern-size:auto}.elementor-widget-divider--bg-round{--divider-pattern-repeat:round}.rtl .elementor-widget-divider .elementor-divider__text{direction:rtl}.e-con-inner>.elementor-widget-divider,.e-con>.elementor-widget-divider{width:var(--container-widget-width,100%);--flex-grow:var(--container-widget-flex-grow)}<\/style>\t\t<div class=\"elementor-divider\">\n\t\t\t<span class=\"elementor-divider-separator\">\n\t\t\t\t\t\t<\/span>\n\t\t<\/div>\n\t\t\t\t<\/div>\n\t\t\t\t<\/div>\n\t\t\t\t<div class=\"elementor-element elementor-element-bcc114e elementor-widget elementor-widget-toggle\" data-id=\"bcc114e\" data-element_type=\"widget\" data-widget_type=\"toggle.default\">\n\t\t\t\t<div class=\"elementor-widget-container\">\n\t\t\t<style>\/*! elementor - v3.19.0 - 29-01-2024 *\/\n.elementor-toggle{text-align:left}.elementor-toggle .elementor-tab-title{font-weight:700;line-height:1;margin:0;padding:15px;border-bottom:1px solid #d5d8dc;cursor:pointer;outline:none}.elementor-toggle .elementor-tab-title .elementor-toggle-icon{display:inline-block;width:1em}.elementor-toggle .elementor-tab-title .elementor-toggle-icon svg{margin-inline-start:-5px;width:1em;height:1em}.elementor-toggle .elementor-tab-title .elementor-toggle-icon.elementor-toggle-icon-right{float:right;text-align:right}.elementor-toggle .elementor-tab-title .elementor-toggle-icon.elementor-toggle-icon-left{float:left;text-align:left}.elementor-toggle .elementor-tab-title .elementor-toggle-icon .elementor-toggle-icon-closed{display:block}.elementor-toggle .elementor-tab-title .elementor-toggle-icon .elementor-toggle-icon-opened{display:none}.elementor-toggle .elementor-tab-title.elementor-active{border-bottom:none}.elementor-toggle .elementor-tab-title.elementor-active .elementor-toggle-icon-closed{display:none}.elementor-toggle .elementor-tab-title.elementor-active .elementor-toggle-icon-opened{display:block}.elementor-toggle .elementor-tab-content{padding:15px;border-bottom:1px solid #d5d8dc;display:none}@media (max-width:767px){.elementor-toggle .elementor-tab-title{padding:12px}.elementor-toggle .elementor-tab-content{padding:12px 10px}}.e-con-inner>.elementor-widget-toggle,.e-con>.elementor-widget-toggle{width:var(--container-widget-width);--flex-grow:var(--container-widget-flex-grow)}<\/style>\t\t<div class=\"elementor-toggle\">\n\t\t\t\t\t\t\t<div class=\"elementor-toggle-item\">\n\t\t\t\t\t<div id=\"elementor-tab-title-1971\" class=\"elementor-tab-title\" data-tab=\"1\" role=\"button\" aria-controls=\"elementor-tab-content-1971\" aria-expanded=\"false\">\n\t\t\t\t\t\t\t\t\t\t\t\t<span class=\"elementor-toggle-icon elementor-toggle-icon-left\" aria-hidden=\"true\">\n\t\t\t\t\t\t\t\t\t\t\t\t\t\t\t<span class=\"elementor-toggle-icon-closed\"><svg class=\"e-font-icon-svg e-fas-caret-right\" viewBox=\"0 0 192 512\" xmlns=\"http:\/\/www.w3.org\/2000\/svg\"><path d=\"M0 384.662V127.338c0-17.818 21.543-26.741 34.142-14.142l128.662 128.662c7.81 7.81 7.81 20.474 0 28.284L34.142 398.804C21.543 411.404 0 402.48 0 384.662z\"><\/path><\/svg><\/span>\n\t\t\t\t\t\t\t\t<span class=\"elementor-toggle-icon-opened\"><svg class=\"elementor-toggle-icon-opened e-font-icon-svg e-fas-caret-up\" viewBox=\"0 0 320 512\" xmlns=\"http:\/\/www.w3.org\/2000\/svg\"><path d=\"M288.662 352H31.338c-17.818 0-26.741-21.543-14.142-34.142l128.662-128.662c7.81-7.81 20.474-7.81 28.284 0l128.662 128.662c12.6 12.599 3.676 34.142-14.142 34.142z\"><\/path><\/svg><\/span>\n\t\t\t\t\t\t\t\t\t\t\t\t\t<\/span>\n\t\t\t\t\t\t\t\t\t\t\t\t<a class=\"elementor-toggle-title\" tabindex=\"0\">Comp\u00e9tences<\/a>\n\t\t\t\t\t<\/div>\n\n\t\t\t\t\t<div id=\"elementor-tab-content-1971\" class=\"elementor-tab-content elementor-clearfix\" data-tab=\"1\" role=\"region\" aria-labelledby=\"elementor-tab-title-1971\"><p>&#8211; r\u00e9daction&nbsp;&nbsp;<\/p>\n<p>&#8211; cr\u00e9ativit\u00e9, inventivit\u00e9<\/p><p>&#8211; cr\u00e9ation d&#8217;un support visuel&nbsp;<\/p><p>&#8211; travail de groupe&nbsp;<\/p><\/div>\n\t\t\t\t<\/div>\n\t\t\t\t\t\t\t\t<\/div>\n\t\t\t\t<\/div>\n\t\t\t\t<\/div>\n\t\t\t\t\t<\/div>\n\t\t\t\t<\/div>\n\t\t<div class=\"elementor-element elementor-element-0326bb2 e-flex e-con-boxed wpr-particle-no wpr-jarallax-no wpr-parallax-no wpr-sticky-section-no e-con e-parent\" data-id=\"0326bb2\" data-element_type=\"container\" data-settings=\"{&quot;content_width&quot;:&quot;boxed&quot;}\" data-core-v316-plus=\"true\">\n\t\t\t\t\t<div class=\"e-con-inner\">\n\t\t\t\t<div class=\"elementor-element elementor-element-ce4a7d2 elementor-align-right elementor-widget elementor-widget-button\" data-id=\"ce4a7d2\" data-element_type=\"widget\" data-widget_type=\"button.default\">\n\t\t\t\t<div class=\"elementor-widget-container\">\n\t\t\t\t\t<div class=\"elementor-button-wrapper\">\n\t\t\t<a class=\"elementor-button elementor-button-link elementor-size-sm elementor-animation-shrink\" href=\"https:\/\/julie-mallier.fr\/?p=274\">\n\t\t\t\t\t\t<span class=\"elementor-button-content-wrapper\">\n\t\t\t\t\t\t<span class=\"elementor-button-text\">Retour<\/span>\n\t\t<\/span>\n\t\t\t\t\t<\/a>\n\t\t<\/div>\n\t\t\t\t<\/div>\n\t\t\t\t<\/div>\n\t\t\t\t\t<\/div>\n\t\t\t\t<\/div>\n\t\t\t\t<\/div>\n\t\t","protected":false},"excerpt":{"rendered":"<p>En cous d&#8217;allemand, nous avons imagin\u00e9 un festival de films allemands et fran\u00e7ais en \u00e9quipe.\u00a0 Nous avons choisi la th\u00e9matique du premier amour afin de r\u00e9unir quatre films.\u00a0 &nbsp;\u2190&nbsp;Voici la pr\u00e9sentation compl\u00e8te Nous avons \u00e9galement r\u00e9dig\u00e9 un communiqu\u00e9 de presse fictif et une invitation par mail fictive.&nbsp; Comp\u00e9tences &#8211; r\u00e9daction&nbsp;&nbsp; &#8211; cr\u00e9ativit\u00e9, inventivit\u00e9 &#8211; cr\u00e9ation d&#8217;un support visuel&nbsp; &#8211; travail de groupe&nbsp; Retour<\/p>\n","protected":false},"author":1,"featured_media":0,"parent":0,"menu_order":0,"comment_status":"closed","ping_status":"closed","template":"","meta":{"footnotes":""},"class_list":["post-1958","page","type-page","status-publish","hentry"],"yoast_head":"<!-- This site is optimized with the Yoast SEO plugin v22.2 - https:\/\/yoast.com\/wordpress\/plugins\/seo\/ -->\n<title>Mon travail sur un festival en allemand | Portfolio<\/title>\n<meta name=\"description\" content=\"R\u00e9alisation d&#039;un festival de Films franco-allemand avec un mail d&#039;invitation \u00e0 destination du r\u00e9alisateur et un communiqu\u00e9 de presse.\" \/>\n<meta name=\"robots\" content=\"index, follow, max-snippet:-1, max-image-preview:large, max-video-preview:-1\" \/>\n<link rel=\"canonical\" href=\"https:\/\/julie-mallier.fr\/?page_id=1958\" \/>\n<meta property=\"og:locale\" content=\"en_US\" \/>\n<meta property=\"og:type\" content=\"article\" \/>\n<meta property=\"og:title\" content=\"Mon travail sur un festival en allemand | Portfolio\" \/>\n<meta property=\"og:description\" content=\"R\u00e9alisation d&#039;un festival de Films franco-allemand avec un mail d&#039;invitation \u00e0 destination du r\u00e9alisateur et un communiqu\u00e9 de presse.\" \/>\n<meta property=\"og:url\" content=\"https:\/\/julie-mallier.fr\/?page_id=1958\" \/>\n<meta property=\"og:site_name\" content=\"Portfolio\" \/>\n<meta property=\"article:modified_time\" content=\"2024-04-10T13:12:38+00:00\" \/>\n<meta property=\"og:image\" content=\"http:\/\/julie-mallier.fr\/wp-content\/uploads\/2024\/04\/pdg-copy-0-1024x576.jpg\" \/>\n<meta name=\"twitter:card\" content=\"summary_large_image\" \/>\n<meta name=\"twitter:label1\" content=\"Est. reading time\" \/>\n\t<meta name=\"twitter:data1\" content=\"1 minute\" \/>\n<script type=\"application\/ld+json\" class=\"yoast-schema-graph\">{\"@context\":\"https:\/\/schema.org\",\"@graph\":[{\"@type\":\"WebPage\",\"@id\":\"https:\/\/julie-mallier.fr\/?page_id=1958\",\"url\":\"https:\/\/julie-mallier.fr\/?page_id=1958\",\"name\":\"Mon travail sur un festival en allemand | Portfolio\",\"isPartOf\":{\"@id\":\"https:\/\/julie-mallier.fr\/#website\"},\"primaryImageOfPage\":{\"@id\":\"https:\/\/julie-mallier.fr\/?page_id=1958#primaryimage\"},\"image\":{\"@id\":\"https:\/\/julie-mallier.fr\/?page_id=1958#primaryimage\"},\"thumbnailUrl\":\"http:\/\/julie-mallier.fr\/wp-content\/uploads\/2024\/04\/pdg-copy-0-1024x576.jpg\",\"datePublished\":\"2024-04-08T14:08:44+00:00\",\"dateModified\":\"2024-04-10T13:12:38+00:00\",\"description\":\"R\u00e9alisation d'un festival de Films franco-allemand avec un mail d'invitation \u00e0 destination du r\u00e9alisateur et un communiqu\u00e9 de presse.\",\"breadcrumb\":{\"@id\":\"https:\/\/julie-mallier.fr\/?page_id=1958#breadcrumb\"},\"inLanguage\":\"en-US\",\"potentialAction\":[{\"@type\":\"ReadAction\",\"target\":[\"https:\/\/julie-mallier.fr\/?page_id=1958\"]}]},{\"@type\":\"ImageObject\",\"inLanguage\":\"en-US\",\"@id\":\"https:\/\/julie-mallier.fr\/?page_id=1958#primaryimage\",\"url\":\"http:\/\/julie-mallier.fr\/wp-content\/uploads\/2024\/04\/pdg-copy-0-1024x576.jpg\",\"contentUrl\":\"http:\/\/julie-mallier.fr\/wp-content\/uploads\/2024\/04\/pdg-copy-0-1024x576.jpg\"},{\"@type\":\"BreadcrumbList\",\"@id\":\"https:\/\/julie-mallier.fr\/?page_id=1958#breadcrumb\",\"itemListElement\":[{\"@type\":\"ListItem\",\"position\":1,\"name\":\"Accueil\",\"item\":\"https:\/\/julie-mallier.fr\/\"},{\"@type\":\"ListItem\",\"position\":2,\"name\":\"Allemand\"}]},{\"@type\":\"WebSite\",\"@id\":\"https:\/\/julie-mallier.fr\/#website\",\"url\":\"https:\/\/julie-mallier.fr\/\",\"name\":\"Portfolio\",\"description\":\"Julie Mallier\",\"potentialAction\":[{\"@type\":\"SearchAction\",\"target\":{\"@type\":\"EntryPoint\",\"urlTemplate\":\"https:\/\/julie-mallier.fr\/?s={search_term_string}\"},\"query-input\":\"required name=search_term_string\"}],\"inLanguage\":\"en-US\"}]}<\/script>\n<!-- \/ Yoast SEO plugin. -->","yoast_head_json":{"title":"Mon travail sur un festival en allemand | Portfolio","description":"R\u00e9alisation d'un festival de Films franco-allemand avec un mail d'invitation \u00e0 destination du r\u00e9alisateur et un communiqu\u00e9 de presse.","robots":{"index":"index","follow":"follow","max-snippet":"max-snippet:-1","max-image-preview":"max-image-preview:large","max-video-preview":"max-video-preview:-1"},"canonical":"https:\/\/julie-mallier.fr\/?page_id=1958","og_locale":"en_US","og_type":"article","og_title":"Mon travail sur un festival en allemand | Portfolio","og_description":"R\u00e9alisation d'un festival de Films franco-allemand avec un mail d'invitation \u00e0 destination du r\u00e9alisateur et un communiqu\u00e9 de presse.","og_url":"https:\/\/julie-mallier.fr\/?page_id=1958","og_site_name":"Portfolio","article_modified_time":"2024-04-10T13:12:38+00:00","og_image":[{"url":"http:\/\/julie-mallier.fr\/wp-content\/uploads\/2024\/04\/pdg-copy-0-1024x576.jpg"}],"twitter_card":"summary_large_image","twitter_misc":{"Est. reading time":"1 minute"},"schema":{"@context":"https:\/\/schema.org","@graph":[{"@type":"WebPage","@id":"https:\/\/julie-mallier.fr\/?page_id=1958","url":"https:\/\/julie-mallier.fr\/?page_id=1958","name":"Mon travail sur un festival en allemand | Portfolio","isPartOf":{"@id":"https:\/\/julie-mallier.fr\/#website"},"primaryImageOfPage":{"@id":"https:\/\/julie-mallier.fr\/?page_id=1958#primaryimage"},"image":{"@id":"https:\/\/julie-mallier.fr\/?page_id=1958#primaryimage"},"thumbnailUrl":"http:\/\/julie-mallier.fr\/wp-content\/uploads\/2024\/04\/pdg-copy-0-1024x576.jpg","datePublished":"2024-04-08T14:08:44+00:00","dateModified":"2024-04-10T13:12:38+00:00","description":"R\u00e9alisation d'un festival de Films franco-allemand avec un mail d'invitation \u00e0 destination du r\u00e9alisateur et un communiqu\u00e9 de presse.","breadcrumb":{"@id":"https:\/\/julie-mallier.fr\/?page_id=1958#breadcrumb"},"inLanguage":"en-US","potentialAction":[{"@type":"ReadAction","target":["https:\/\/julie-mallier.fr\/?page_id=1958"]}]},{"@type":"ImageObject","inLanguage":"en-US","@id":"https:\/\/julie-mallier.fr\/?page_id=1958#primaryimage","url":"http:\/\/julie-mallier.fr\/wp-content\/uploads\/2024\/04\/pdg-copy-0-1024x576.jpg","contentUrl":"http:\/\/julie-mallier.fr\/wp-content\/uploads\/2024\/04\/pdg-copy-0-1024x576.jpg"},{"@type":"BreadcrumbList","@id":"https:\/\/julie-mallier.fr\/?page_id=1958#breadcrumb","itemListElement":[{"@type":"ListItem","position":1,"name":"Accueil","item":"https:\/\/julie-mallier.fr\/"},{"@type":"ListItem","position":2,"name":"Allemand"}]},{"@type":"WebSite","@id":"https:\/\/julie-mallier.fr\/#website","url":"https:\/\/julie-mallier.fr\/","name":"Portfolio","description":"Julie Mallier","potentialAction":[{"@type":"SearchAction","target":{"@type":"EntryPoint","urlTemplate":"https:\/\/julie-mallier.fr\/?s={search_term_string}"},"query-input":"required name=search_term_string"}],"inLanguage":"en-US"}]}},"_links":{"self":[{"href":"https:\/\/julie-mallier.fr\/index.php?rest_route=\/wp\/v2\/pages\/1958","targetHints":{"allow":["GET"]}}],"collection":[{"href":"https:\/\/julie-mallier.fr\/index.php?rest_route=\/wp\/v2\/pages"}],"about":[{"href":"https:\/\/julie-mallier.fr\/index.php?rest_route=\/wp\/v2\/types\/page"}],"author":[{"embeddable":true,"href":"https:\/\/julie-mallier.fr\/index.php?rest_route=\/wp\/v2\/users\/1"}],"replies":[{"embeddable":true,"href":"https:\/\/julie-mallier.fr\/index.php?rest_route=%2Fwp%2Fv2%2Fcomments&post=1958"}],"version-history":[{"count":28,"href":"https:\/\/julie-mallier.fr\/index.php?rest_route=\/wp\/v2\/pages\/1958\/revisions"}],"predecessor-version":[{"id":2062,"href":"https:\/\/julie-mallier.fr\/index.php?rest_route=\/wp\/v2\/pages\/1958\/revisions\/2062"}],"wp:attachment":[{"href":"https:\/\/julie-mallier.fr\/index.php?rest_route=%2Fwp%2Fv2%2Fmedia&parent=1958"}],"curies":[{"name":"wp","href":"https:\/\/api.w.org\/{rel}","templated":true}]}}